{"id":7878,"date":"2024-08-07T11:01:14","date_gmt":"2024-08-07T11:01:14","guid":{"rendered":"https:\/\/espresso-mania.be\/product\/cup-2-series\/"},"modified":"2024-08-07T11:01:14","modified_gmt":"2024-08-07T11:01:14","slug":"cup-2-series","status":"publish","type":"product","link":"https:\/\/espresso-mania.be\/en\/product\/cup-2-series\/","title":{"rendered":"Cup 2 series"},"content":{"rendered":"<p>The Cup 2 series from Technicup is a fully automatic high\u2011performance espresso machine, delivering professional results thanks to numerous technical innovations. The newly developed and patented metal coffee group gives the Cup 2 a high daily capacity. Supplied with a fixed water connection as standard, it can also be used anywhere thanks to its integrated and removable 4\u2011liter water tank.  <\/p>\n","protected":false},"excerpt":{"rendered":"<p style=\"color: #00a300;\"><strong>Leasing and\/or renting available from \u20ac137.28\/month with installation and possible maintenance. Renting is not considered a loan and will not appear in your balance sheet as such. <a href=\"https:\/\/espresso-mania.be\/en\/contact\/\">Contact us for more information.<\/a><\/strong><\/p>\n<p>&nbsp;<\/p>\n<ul>\n<li>2 coffee grinders<\/li>\n<li>2 instant containers (PLUS option)<\/li>\n<li>Separate hot water<\/li>\n<li>Ground coffee input<\/li>\n<li>Fresh milk section<\/li>\n<li>Intuitive 10\u201d touchscreen<\/li>\n<li>Adjustable milk temperature<\/li>\n<li>2 boilers<\/li>\n<li>2 pumps<\/li>\n<li>Removable metal coffee group<\/li>\n<li>Ceramic grinding discs<\/li>\n<li>Double coffee outlet<\/li>\n<li>Automatic cleaning program<\/li>\n<li>Automatic milk \/ milk foam<\/li>\n<li>Coffee pots up to 1 liter<\/li>\n<li>Removable 4\u2011liter water tank<\/li>\n<li>\u2026<\/li>\n<\/ul>\n<p>Leasing et\/ou renting disponible \u00e0 partir de 137,28 \u20ac\/mois avec installation et possibilit\u00e9 de maintenance. Le renting n\u2019est pas consid\u00e9r\u00e9 comme un cr\u00e9dit et n\u2019appara\u00eetra pas dans votre bilan en tant que tel. <a href=\"https:\/\/espresso-mania.be\/en\/contact\/\">Contact us for more information.<\/a><\/p>\n","protected":false},"featured_media":5938,"template":"","meta":{"_monsterinsights_skip_tracking":false,"_monsterinsights_sitenote_active":false,"_monsterinsights_sitenote_note":"","_monsterinsights_sitenote_category":0},"product_brand":[],"product_cat":[424],"product_tag":[],"class_list":{"0":"post-7878","1":"product","2":"type-product","3":"status-publish","4":"has-post-thumbnail","6":"product_cat-technicup-coffee-machines","8":"first","9":"instock","10":"taxable","11":"shipping-taxable","12":"product-type-simple"},"aioseo_notices":[],"_links":{"self":[{"href":"https:\/\/espresso-mania.be\/en\/wp-json\/wp\/v2\/product\/7878","targetHints":{"allow":["GET"]}}],"collection":[{"href":"https:\/\/espresso-mania.be\/en\/wp-json\/wp\/v2\/product"}],"about":[{"href":"https:\/\/espresso-mania.be\/en\/wp-json\/wp\/v2\/types\/product"}],"wp:featuredmedia":[{"embeddable":true,"href":"https:\/\/espresso-mania.be\/en\/wp-json\/wp\/v2\/media\/5938"}],"wp:attachment":[{"href":"https:\/\/espresso-mania.be\/en\/wp-json\/wp\/v2\/media?parent=7878"}],"wp:term":[{"taxonomy":"product_brand","embeddable":true,"href":"https:\/\/espresso-mania.be\/en\/wp-json\/wp\/v2\/product_brand?post=7878"},{"taxonomy":"product_cat","embeddable":true,"href":"https:\/\/espresso-mania.be\/en\/wp-json\/wp\/v2\/product_cat?post=7878"},{"taxonomy":"product_tag","embeddable":true,"href":"https:\/\/espresso-mania.be\/en\/wp-json\/wp\/v2\/product_tag?post=7878"}],"curies":[{"name":"wp","href":"https:\/\/api.w.org\/{rel}","templated":true}]}}