{"id":7905,"date":"2024-07-11T14:59:13","date_gmt":"2024-07-11T14:59:13","guid":{"rendered":"https:\/\/espresso-mania.be\/product\/gelato-4k-touch-i-green\/"},"modified":"2024-07-11T14:59:13","modified_gmt":"2024-07-11T14:59:13","slug":"gelato-4k-touch-i-green","status":"publish","type":"product","link":"https:\/\/espresso-mania.be\/en\/product\/gelato-4k-touch-i-green\/","title":{"rendered":"Gelato 4K touch i-Green"},"content":{"rendered":"<p><iframe title=\"Profesion\u00e1lny v\u00fdrobn\u00edk zmrzliny Gelato 4K Touch i-Green\" width=\"1300\" height=\"731\" src=\"https:\/\/www.youtube.com\/embed\/q3yVwjEnPfE?feature=oembed\" frameborder=\"0\" allow=\"accelerometer; autoplay; clipboard-write; encrypted-media; gyroscope; picture-in-picture; web-share\" referrerpolicy=\"strict-origin-when-cross-origin\" allowfullscreen><\/iframe><\/p>\n<p>&nbsp;<\/p>\n<p>Production per cycle of 25\u201330 minutes: approx. 0.85 kg. <\/p>\n<p>Hourly production: 1.7 kg \/ 3.0 L. <\/p>\n<p>The new \u201cGelato Chef 3L Automatic\u201d from Nemox is the result of more than 30 years of experience in designing and manufacturing ice\u2011cream machines for both professionals and home users. It features a high\u2011performance, efficient refrigeration compressor. Designed and manufactured in Italy.  <\/p>\n","protected":false},"excerpt":{"rendered":"<p style=\"color: #00a300;\"><strong>Leasing and\/or renting available from \u20ac75.29\/month. <a href=\"https:\/\/espresso-mania.be\/en\/contact\/\">Contact us for more information.<\/a><\/strong><\/p>\n<p>The Gelato 4K Touch i\u2011Green by Nemox embodies excellence backed by more than 30 years of experience in ice\u2011cream machine manufacturing. It is equipped with a high\u2011performance refrigeration compressor, ensuring fast and efficient cooling. <\/p>\n","protected":false},"featured_media":5598,"template":"","meta":{"_monsterinsights_skip_tracking":false,"_monsterinsights_sitenote_active":false,"_monsterinsights_sitenote_note":"","_monsterinsights_sitenote_category":0},"product_brand":[],"product_cat":[426],"product_tag":[],"class_list":{"0":"post-7905","1":"product","2":"type-product","3":"status-publish","4":"has-post-thumbnail","6":"product_cat-professional-ice-cream-makers","8":"first","9":"instock","10":"taxable","11":"shipping-taxable","12":"product-type-simple"},"aioseo_notices":[],"_links":{"self":[{"href":"https:\/\/espresso-mania.be\/en\/wp-json\/wp\/v2\/product\/7905","targetHints":{"allow":["GET"]}}],"collection":[{"href":"https:\/\/espresso-mania.be\/en\/wp-json\/wp\/v2\/product"}],"about":[{"href":"https:\/\/espresso-mania.be\/en\/wp-json\/wp\/v2\/types\/product"}],"wp:featuredmedia":[{"embeddable":true,"href":"https:\/\/espresso-mania.be\/en\/wp-json\/wp\/v2\/media\/5598"}],"wp:attachment":[{"href":"https:\/\/espresso-mania.be\/en\/wp-json\/wp\/v2\/media?parent=7905"}],"wp:term":[{"taxonomy":"product_brand","embeddable":true,"href":"https:\/\/espresso-mania.be\/en\/wp-json\/wp\/v2\/product_brand?post=7905"},{"taxonomy":"product_cat","embeddable":true,"href":"https:\/\/espresso-mania.be\/en\/wp-json\/wp\/v2\/product_cat?post=7905"},{"taxonomy":"product_tag","embeddable":true,"href":"https:\/\/espresso-mania.be\/en\/wp-json\/wp\/v2\/product_tag?post=7905"}],"curies":[{"name":"wp","href":"https:\/\/api.w.org\/{rel}","templated":true}]}}