{"id":8210,"date":"2024-09-09T10:02:10","date_gmt":"2024-09-09T10:02:10","guid":{"rendered":"https:\/\/espresso-mania.be\/product\/furnishings-and-counters-for-the-horeca-sector\/"},"modified":"2024-09-09T10:02:10","modified_gmt":"2024-09-09T10:02:10","slug":"furnishings-and-counters-for-the-horeca-sector","status":"publish","type":"product","link":"https:\/\/espresso-mania.be\/en\/product\/furnishings-and-counters-for-the-horeca-sector\/","title":{"rendered":"Furnishings and counters for the Horeca sector"},"content":{"rendered":"<p>The wide range of bar\u2011layout solutions and the high flexibility of the modular system meet every need for creating an elegant and exclusive bar setting. We manufacture in Italy modern, stylish bar counters featuring great functionality and advanced refrigeration technology. Our professional layouts are custom\u2011made according to our clients\u2019 design requirements.<br \/>\nAll our commercial furniture is modular, allowing you to personalise your Horeca establishment.  <\/p>\n","protected":false},"excerpt":{"rendered":"<p style=\"color: #00a300;\"><strong>Leasing and\/or renting available from XXX\u20ac\/month with delivery included. Renting does not appear on your balance sheet and is not considered a loan.  <a href=\"https:\/\/eur02.safelinks.protection.outlook.com\/?url=https%3A%2F%2Fespresso-mania.be%2Fcontact%2F&amp;data=05%7C02%7Cceline.timmermans%40fcrmedia.be%7Cdfcea544e7f94fb92d6f08de0d7d0484%7Cc93c6954220a4a4788c41d8ec0ae031a%7C0%7C0%7C638963027789429746%7CUnknown%7CTWFpbGZsb3d8eyJFbXB0eU1hcGkiOnRydWUsIlYiOiIwLjAuMDAwMCIsIlAiOiJXaW4zMiIsIkFOIjoiTWFpbCIsIldUIjoyfQ%3D%3D%7C0%7C%7C%7C&amp;sdata=E2W3a5jL9s%2BZMGe5DXcgqhCr2V%2Fh7U%2FDJ7lTXO3Qw3c%3D&amp;reserved=0\">Contact us for more information.<\/a><\/strong><\/p>\n<p><strong>Professional Horeca Layouts &amp; Counters \u2013 Design, Functionality, Exclusivity<\/strong><\/p>\n<p>Transform your bar, caf\u00e9, or restaurant into an exceptional space with our custom\u2011made counters and layouts. Designed to combine <strong>high\u2011end aesthetics<\/strong>, performance, and modularity, they give your establishment a strong identity while making daily service easier. <\/p>\n<p>\u2728 Your immediate benefits:<\/p>\n<table width=\"643\">\n<tbody>\n<tr>\n<td width=\"255\"><strong>What we do <\/strong><\/td>\n<td width=\"387\"><strong>What you gain<\/strong><\/td>\n<\/tr>\n<tr>\n<td width=\"255\">100% made\u2011in\u2011Italy modules with elegant finishes and personalised design <\/td>\n<td width=\"387\">A unique d\u00e9cor that enhances your brand and attracts customers<\/td>\n<\/tr>\n<tr>\n<td width=\"255\">R\u00e9frig\u00e9ration innovante int\u00e9gr\u00e9e dans les comptoirs<\/td>\n<td width=\"387\">Conservation optimale des produits + signal de qualit\u00e9 alimentaire<\/td>\n<\/tr>\n<tr>\n<td width=\"255\">Modular commercial furniture that adapts to your needs <\/td>\n<td width=\"387\">Adaptability to your space, your concept, and future developments<\/td>\n<\/tr>\n<tr>\n<td width=\"255\">Custom 3D renderings <\/td>\n<td width=\"387\">Realistic visualisation before any decision, reducing surprises in both time and budget<\/td>\n<\/tr>\n<tr>\n<td width=\"255\">Location \/ leasing possible<\/td>\n<td width=\"387\">Solution financi\u00e8re souple pour implanter un comptoir professionnel sans lourds investissements initiaux<\/td>\n<\/tr>\n<\/tbody>\n<\/table>\n<p>&nbsp;<\/p>\n<p><strong>Ready to elevate your Horeca space to the next level?<\/strong><\/p>\n<p>Contact us today for a<strong> free, personalised 3D quote<\/strong>.<br \/>\nWe support you from the first sketch to the final installation \u2014 delivering a visual and functional experience that truly stands out for your customers.<\/p>\n","protected":false},"featured_media":6555,"template":"","meta":{"_monsterinsights_skip_tracking":false,"_monsterinsights_sitenote_active":false,"_monsterinsights_sitenote_note":"","_monsterinsights_sitenote_category":0},"product_brand":[],"product_cat":[499],"product_tag":[],"class_list":{"0":"post-8210","1":"product","2":"type-product","3":"status-publish","4":"has-post-thumbnail","6":"product_cat-furnishings-and-counters-for-the-horeca-sector","8":"first","9":"instock","10":"taxable","11":"shipping-taxable","12":"product-type-simple"},"aioseo_notices":[],"_links":{"self":[{"href":"https:\/\/espresso-mania.be\/en\/wp-json\/wp\/v2\/product\/8210","targetHints":{"allow":["GET"]}}],"collection":[{"href":"https:\/\/espresso-mania.be\/en\/wp-json\/wp\/v2\/product"}],"about":[{"href":"https:\/\/espresso-mania.be\/en\/wp-json\/wp\/v2\/types\/product"}],"wp:featuredmedia":[{"embeddable":true,"href":"https:\/\/espresso-mania.be\/en\/wp-json\/wp\/v2\/media\/6555"}],"wp:attachment":[{"href":"https:\/\/espresso-mania.be\/en\/wp-json\/wp\/v2\/media?parent=8210"}],"wp:term":[{"taxonomy":"product_brand","embeddable":true,"href":"https:\/\/espresso-mania.be\/en\/wp-json\/wp\/v2\/product_brand?post=8210"},{"taxonomy":"product_cat","embeddable":true,"href":"https:\/\/espresso-mania.be\/en\/wp-json\/wp\/v2\/product_cat?post=8210"},{"taxonomy":"product_tag","embeddable":true,"href":"https:\/\/espresso-mania.be\/en\/wp-json\/wp\/v2\/product_tag?post=8210"}],"curies":[{"name":"wp","href":"https:\/\/api.w.org\/{rel}","templated":true}]}}