{"id":8302,"date":"2024-08-29T08:12:01","date_gmt":"2024-08-29T08:12:01","guid":{"rendered":"https:\/\/espresso-mania.be\/formazione-barista\/"},"modified":"2026-01-09T13:46:27","modified_gmt":"2026-01-09T13:46:27","slug":"formazione-barista","status":"publish","type":"page","link":"https:\/\/espresso-mania.be\/it\/formazione-barista\/","title":{"rendered":"Formazione Barista"},"content":{"rendered":"\t\t<div data-elementor-type=\"wp-page\" data-elementor-id=\"8302\" class=\"elementor elementor-8302 elementor-6330\">\n\t\t\t\t<div class=\"elementor-element elementor-element-737e154f e-flex e-con-boxed e-con e-parent\" data-id=\"737e154f\" data-element_type=\"container\">\n\t\t\t\t\t<div class=\"e-con-inner\">\n\t\t\t\t<div class=\"elementor-element elementor-element-4278e4a1 elementor-widget elementor-widget-text-editor\" data-id=\"4278e4a1\" data-element_type=\"widget\" data-widget_type=\"text-editor.default\">\n\t\t\t\t<div class=\"elementor-widget-container\">\n\t\t\t\t\t\t\t\t\t\n<h2 class=\"wp-block-heading\">Diventate un Barista Professionista!<\/h2>\n\n<p>Professionale! Preparatevi a vivere un\u2019esperienza immersiva e arricchente nel mondo del caff\u00e8! La nostra formazione barista professionale vi permetter\u00e0 di sviluppare le vostre competenze e di padroneggiare l\u2019arte della preparazione di caff\u00e8 eccezionali. Ecco una panoramica di ci\u00f2 che imparerete:   <\/p>\n<p>\u2022 Identificare i tipi di tostatura: Imparate a distinguere le sfumature di gusto e aroma delle diverse tostature, dalla chiara alla scura.<\/p>\n<p>\u2022 Padroneggiare le tecniche di estrazione: Scoprite i segreti di un espresso perfetto, dal dosaggio alla pressione, e perfezionate le vostre tecniche per cappuccini, latte e altre bevande calde e fredde a base di caff\u00e8.<\/p>\n<p>\u2022 Domare la vostra macchina da caff\u00e8: Imparate a utilizzare la vostra macchina da caff\u00e8 con precisione, ottimizzando la temperatura di estrazione e padroneggiando le tecniche di pulizia per un funzionamento ottimale.<\/p>\n<p>\u2022 Regolate il vostro macinacaff\u00e8 con competenza: Comprendete l\u2019impatto della macinatura sull\u2019estrazione e imparate ad adattare la regolazione del vostro macinacaff\u00e8 in base alla temperatura esterna per ottenere una macinatura ideale.<\/p>\n<p>\u2022 Creare una schiuma di latte perfetta: Padroneggiate l\u2019arte della lancia vapore per ottenere una schiuma di latte morbida e vellutata, elemento fondamentale di molti classici del caff\u00e8.<\/p>\n<p>Non perdete l\u2019opportunit\u00e0 di diventare baristi professionisti! Iscrivetevi subito e unitevi a una comunit\u00e0 appassionata di caff\u00e8!  <strong><a href=\"https:\/\/espresso-mania.be\/it\/contatto\/\">Contattateci al pi\u00f9 presto per saperne di pi\u00f9.<\/a><\/strong><\/p>\t\t\t\t\t\t\t\t<\/div>\n\t\t\t\t<\/div>\n\t\t\t\t\t<\/div>\n\t\t\t\t<\/div>\n\t\t\t\t<\/div>\n\t\t","protected":false},"excerpt":{"rendered":"<p>Diventate un Barista Professionista! Professionale! Preparatevi a vivere un\u2019esperienza immersiva e arricchente nel mondo del caff\u00e8! La nostra formazione barista professionale vi permetter\u00e0 di sviluppare le vostre competenze e di padroneggiare l\u2019arte della preparazione di caff\u00e8 eccezionali. Ecco una panoramica di ci\u00f2 che imparerete: \u2022 Identificare i tipi di tostatura: Imparate a distinguere le sfumature [&hellip;]<\/p>\n","protected":false},"author":1,"featured_media":0,"parent":0,"menu_order":0,"comment_status":"closed","ping_status":"closed","template":"","meta":{"_monsterinsights_skip_tracking":false,"_monsterinsights_sitenote_active":false,"_monsterinsights_sitenote_note":"","_monsterinsights_sitenote_category":0,"footnotes":""},"class_list":["post-8302","page","type-page","status-publish","hentry"],"aioseo_notices":[],"_links":{"self":[{"href":"https:\/\/espresso-mania.be\/it\/wp-json\/wp\/v2\/pages\/8302","targetHints":{"allow":["GET"]}}],"collection":[{"href":"https:\/\/espresso-mania.be\/it\/wp-json\/wp\/v2\/pages"}],"about":[{"href":"https:\/\/espresso-mania.be\/it\/wp-json\/wp\/v2\/types\/page"}],"author":[{"embeddable":true,"href":"https:\/\/espresso-mania.be\/it\/wp-json\/wp\/v2\/users\/1"}],"replies":[{"embeddable":true,"href":"https:\/\/espresso-mania.be\/it\/wp-json\/wp\/v2\/comments?post=8302"}],"version-history":[{"count":3,"href":"https:\/\/espresso-mania.be\/it\/wp-json\/wp\/v2\/pages\/8302\/revisions"}],"predecessor-version":[{"id":8305,"href":"https:\/\/espresso-mania.be\/it\/wp-json\/wp\/v2\/pages\/8302\/revisions\/8305"}],"wp:attachment":[{"href":"https:\/\/espresso-mania.be\/it\/wp-json\/wp\/v2\/media?parent=8302"}],"curies":[{"name":"wp","href":"https:\/\/api.w.org\/{rel}","templated":true}]}}