{"id":8334,"date":"2024-07-12T10:20:43","date_gmt":"2024-07-12T10:20:43","guid":{"rendered":"https:\/\/espresso-mania.be\/product\/moak-brasilea\/"},"modified":"2024-07-12T10:20:43","modified_gmt":"2024-07-12T10:20:43","slug":"moak-brasilea","status":"publish","type":"product","link":"https:\/\/espresso-mania.be\/it\/prodotto\/moak-brasilea\/","title":{"rendered":"Moak Brasilea"},"content":{"rendered":"<p>Miscela dal gusto caratterizzato da miele, cioccolato e liquirizia, che stimola il palato con una leggera punta di acidit\u00e0. Il vostro gusto ricorder\u00e0 il suo aroma piacevole per tutta la giornata. Origine: Brasile, Honduras, Etiopia (Limu), Per\u00f9, Indonesia, India, Uganda, Congo, Camerun, India, Costa Rica, Ruanda. Temperatura di estrazione: 88\u201393\u00b0.   <\/p>\n<p>&nbsp;<\/p>\n<p>Costo per tazza compreso tra 0,21\u202f\u20ac e 0,27\u202f\u20ac in base alle quantit\u00e0 acquistate.<\/p>\n","protected":false},"excerpt":{"rendered":"<p><strong>Prezzo decrescente in base alla quantit\u00e0 scelta<\/strong><\/p>\n<p>Moak Brasilea \u00e8 un caff\u00e8 con una miscela ricca di sapori di miele, cioccolato e liquirizia, con una leggera acidit\u00e0 che stimola il palato. Godetevi il suo aroma piacevole per tutta la giornata, grazie a una selezione accurata di chicchi provenienti da Brasile, Honduras, Etiopia (Limu), Per\u00f9, Indonesia, India, Uganda, Congo, Camerun, Costa Rica e Ruanda. <\/p>\n<p>Costo per tazza compreso tra 0,21\u202f\u20ac e 0,27\u202f\u20ac in base alle quantit\u00e0 acquistate.<\/p>\n<p>Venite a scoprire <a href=\"https:\/\/espresso-mania.be\/it\/categoria-prodotto\/macchine-da-caffe-professionali\/\">le nostre offerte di macchine da caff\u00e8 professionali in leasing\/noleggio<\/a> a partire da 79,65\u202f\u20ac\/mese.<\/p>\n<p><a href=\"https:\/\/espresso-mania.be\/wp-content\/uploads\/2024\/08\/linea-premium-rev1.pdf\">Premium Line<\/a><\/p>\n","protected":false},"featured_media":5711,"template":"","meta":{"_monsterinsights_skip_tracking":false,"_monsterinsights_sitenote_active":false,"_monsterinsights_sitenote_note":"","_monsterinsights_sitenote_category":0},"product_brand":[],"product_cat":[520],"product_tag":[],"class_list":{"0":"post-8334","1":"product","2":"type-product","3":"status-publish","4":"has-post-thumbnail","6":"product_cat-caffe-in-grani","8":"first","9":"instock","10":"taxable","11":"shipping-taxable","12":"purchasable","13":"product-type-variable","14":"has-default-attributes"},"aioseo_notices":[],"_links":{"self":[{"href":"https:\/\/espresso-mania.be\/it\/wp-json\/wp\/v2\/product\/8334","targetHints":{"allow":["GET"]}}],"collection":[{"href":"https:\/\/espresso-mania.be\/it\/wp-json\/wp\/v2\/product"}],"about":[{"href":"https:\/\/espresso-mania.be\/it\/wp-json\/wp\/v2\/types\/product"}],"wp:featuredmedia":[{"embeddable":true,"href":"https:\/\/espresso-mania.be\/it\/wp-json\/wp\/v2\/media\/5711"}],"wp:attachment":[{"href":"https:\/\/espresso-mania.be\/it\/wp-json\/wp\/v2\/media?parent=8334"}],"wp:term":[{"taxonomy":"product_brand","embeddable":true,"href":"https:\/\/espresso-mania.be\/it\/wp-json\/wp\/v2\/product_brand?post=8334"},{"taxonomy":"product_cat","embeddable":true,"href":"https:\/\/espresso-mania.be\/it\/wp-json\/wp\/v2\/product_cat?post=8334"},{"taxonomy":"product_tag","embeddable":true,"href":"https:\/\/espresso-mania.be\/it\/wp-json\/wp\/v2\/product_tag?post=8334"}],"curies":[{"name":"wp","href":"https:\/\/api.w.org\/{rel}","templated":true}]}}