{"id":8342,"date":"2024-07-12T10:16:38","date_gmt":"2024-07-12T10:16:38","guid":{"rendered":"https:\/\/espresso-mania.be\/product\/moak-stella\/"},"modified":"2024-07-12T10:16:38","modified_gmt":"2024-07-12T10:16:38","slug":"moak-stella","status":"publish","type":"product","link":"https:\/\/espresso-mania.be\/it\/prodotto\/moak-stella\/","title":{"rendered":"Moak Stella"},"content":{"rendered":"<p>Miscela dolce e aromatica, stimola il palato con una leggera punta di acidit\u00e0. Il vostro gusto ricorder\u00e0 la sua piacevole dolcezza di agrumi e nocciole.<br \/>Origine: Brasile (Santos), Honduras (El Paraiso), Etiopia (Limu), Per\u00f9 (Chan Chamayo), Indonesia (Panjang), India (Mangalore), Uganda (Bugis\u00f9). Intensit\u00e0: 2,5\/5 Temperatura di estrazione: 88\u201393\u00b0.  <\/p>\n<p>&nbsp;<\/p>\n<p>Costo della vostra tazza di caff\u00e8 compreso tra 0,22\u202f\u20ac e 0,29\u202f\u20ac in base alle quantit\u00e0 acquistate.<\/p>\n","protected":false},"excerpt":{"rendered":"<p><strong>Prezzo decrescente in base alla quantit\u00e0 scelta<\/strong><\/p>\n<p>Moak Stella \u00e8 un caff\u00e8 dolce e aromatico, esaltato da una leggera acidit\u00e0 che stimola il palato. Godetevi le sue piacevoli note di agrumi e nocciole, provenienti da una miscela selezionata con cura da Brasile, Honduras, Etiopia, Per\u00f9, Indonesia, India e Uganda. <\/p>\n<p>Costo della vostra tazza di caff\u00e8 compreso tra 0,22\u202f\u20ac e 0,29\u202f\u20ac in base alle quantit\u00e0 acquistate.<\/p>\n<p>Venite a scoprire <a href=\"https:\/\/espresso-mania.be\/it\/categoria-prodotto\/macchine-da-caffe-professionali\/\">le nostre offerte di macchine da caff\u00e8 professionali in leasing\/noleggio<\/a> a partire da 79,65\u202f\u20ac\/mese.<\/p>\n<p><a href=\"https:\/\/espresso-mania.be\/wp-content\/uploads\/2024\/08\/linea-premium-rev1.pdf\">Premium Line<\/a><\/p>\n","protected":false},"featured_media":5709,"template":"","meta":{"_monsterinsights_skip_tracking":false,"_monsterinsights_sitenote_active":false,"_monsterinsights_sitenote_note":"","_monsterinsights_sitenote_category":0},"product_brand":[],"product_cat":[520,527],"product_tag":[],"class_list":{"0":"post-8342","1":"product","2":"type-product","3":"status-publish","4":"has-post-thumbnail","6":"product_cat-caffe-in-grani","7":"product_cat-novita","9":"first","10":"instock","11":"taxable","12":"shipping-taxable","13":"purchasable","14":"product-type-variable","15":"has-default-attributes"},"aioseo_notices":[],"_links":{"self":[{"href":"https:\/\/espresso-mania.be\/it\/wp-json\/wp\/v2\/product\/8342","targetHints":{"allow":["GET"]}}],"collection":[{"href":"https:\/\/espresso-mania.be\/it\/wp-json\/wp\/v2\/product"}],"about":[{"href":"https:\/\/espresso-mania.be\/it\/wp-json\/wp\/v2\/types\/product"}],"wp:featuredmedia":[{"embeddable":true,"href":"https:\/\/espresso-mania.be\/it\/wp-json\/wp\/v2\/media\/5709"}],"wp:attachment":[{"href":"https:\/\/espresso-mania.be\/it\/wp-json\/wp\/v2\/media?parent=8342"}],"wp:term":[{"taxonomy":"product_brand","embeddable":true,"href":"https:\/\/espresso-mania.be\/it\/wp-json\/wp\/v2\/product_brand?post=8342"},{"taxonomy":"product_cat","embeddable":true,"href":"https:\/\/espresso-mania.be\/it\/wp-json\/wp\/v2\/product_cat?post=8342"},{"taxonomy":"product_tag","embeddable":true,"href":"https:\/\/espresso-mania.be\/it\/wp-json\/wp\/v2\/product_tag?post=8342"}],"curies":[{"name":"wp","href":"https:\/\/api.w.org\/{rel}","templated":true}]}}