{"id":8374,"date":"2024-07-11T12:09:43","date_gmt":"2024-07-11T12:09:43","guid":{"rendered":"https:\/\/espresso-mania.be\/product\/aviator\/"},"modified":"2024-07-11T12:09:43","modified_gmt":"2024-07-11T12:09:43","slug":"aviator","status":"publish","type":"product","link":"https:\/\/espresso-mania.be\/it\/prodotto\/aviator\/","title":{"rendered":"Aviator"},"content":{"rendered":"<p>Le macchine da caff\u00e8 multiboiler offrono diversi vantaggi, soprattutto per gli amanti del caff\u00e8 pi\u00f9 esigenti e per i professionisti:<\/p>\n<p><strong>Temperatura stabile<\/strong>: le macchine multiboiler dispongono di pi\u00f9 caldaie, il che permette di mantenere una temperatura costante per l\u2019estrazione del caff\u00e8 e la produzione di vapore. Questo garantisce una qualit\u00e0 del caff\u00e8 ottimale in ogni tazza. <\/p>\n<p><strong>Efficienza e rapidit\u00e0<\/strong>: con caldaie separate per l\u2019acqua calda e il vapore, queste macchine possono preparare simultaneamente bevande a base di caff\u00e8 e latte, riducendo i tempi di attesa.<\/p>\n<p><strong>Precisione<\/strong>: la possibilit\u00e0 di controllare in modo indipendente la temperatura di ogni caldaia permette di regolare con precisione i parametri di estrazione per diversi tipi di caff\u00e8. Questo \u00e8 essenziale per ottenere un Espresso con una temperatura di estrazione tra 88 e 93 gradi e un caff\u00e8 lungo che non risulti bruciato (con una temperatura di estrazione ideale tra 70 e 75 gradi massimo).<\/p>\n<p><strong>Durabilit\u00e0<\/strong>: le macchine multiboiler sono spesso progettate per un uso intensivo, il che le rende pi\u00f9 durevoli e affidabili, soprattutto in un ambiente commerciale.<\/p>\n<p><strong>Flessibilit\u00e0<\/strong>: offrono una grande flessibilit\u00e0 nella preparazione di una vasta gamma di bevande, dagli espressi ai cappuccini, con una qualit\u00e0 costante.<\/p>\n<p>Questi vantaggi rendono le macchine da caff\u00e8 multiboiler una scelta eccellente per chi cerca una qualit\u00e0 del caff\u00e8 superiore e un\u2019elevata efficienza.<\/p>\n<p><iframe title=\"Take off with Aviator - BFC srl\" width=\"1300\" height=\"731\" src=\"https:\/\/www.youtube.com\/embed\/V7kAU1vprkU?feature=oembed\" frameborder=\"0\" allow=\"accelerometer; autoplay; clipboard-write; encrypted-media; gyroscope; picture-in-picture; web-share\" referrerpolicy=\"strict-origin-when-cross-origin\" allowfullscreen><\/iframe><\/p>\n<p>&nbsp;<\/p>\n<p><iframe title=\"BFC Aviator Lever \uc5d0\ube44\uc5d0\uc774\ud130 \ub808\ubc84 \ucee4\ud53c\uba38\uc2e0 \uce74\ud398\uc1fc 2017\" width=\"1300\" height=\"731\" src=\"https:\/\/www.youtube.com\/embed\/uJqfPFlTRC8?feature=oembed\" frameborder=\"0\" allow=\"accelerometer; autoplay; clipboard-write; encrypted-media; gyroscope; picture-in-picture; web-share\" referrerpolicy=\"strict-origin-when-cross-origin\" allowfullscreen><\/iframe><\/p>\n","protected":false},"excerpt":{"rendered":"<p style=\"color: #00a300;\"><strong>Leasing e\/o renting disponibile a partire da 168,85\u20ac\/mese con installazione e manutenzione.<br \/>Il renting non compare nel vostro bilancio e non \u00e8 considerato un credito. <a href=\"https:\/\/espresso-mania.be\/it\/contatto\/\">Contattateci per maggiori informazioni.<\/a> <\/strong><\/p>\n<p>&nbsp;<\/p>\n<p><strong>Punti positivi del BFC Aviator<\/strong><\/p>\n<ol>\n<li><strong>Controllo preciso della temperatura (TCI \u2013 Temperature Control Independent)<\/strong><\/li>\n<\/ol>\n<p>Ogni gruppo pu\u00f2 avere la propria temperatura di erogazione, regolabile tramite un touchscreen a colori. Questo permette di adattarsi a diversi caff\u00e8 o miscele e di garantire una stabilit\u00e0 termica anche in caso di uso intensivo. <\/p>\n<ol start=\"2\">\n<li>Profilo di pressione programmabile (PPI \u2013 Profil Pressure Independent)<\/li>\n<\/ol>\n<p>\u00c8 possibile definire diversi profili di pressione per ogni gruppo (ad esempio cinque profili), il che offre una maggiore flessibilit\u00e0 per regolare l\u2019estrazione in base al tipo di caff\u00e8, alla tostatura, ecc.<\/p>\n<ol start=\"3\">\n<li><strong>Corpo caldo \/ gruppo \u201ctermo-compensati\u201d<\/strong><\/li>\n<\/ol>\n<p>I gruppi sono di tipo \u201ctemperature compensated\u201d, il che significa che mantengono meglio la loro temperatura nonostante i cicli di utilizzo. Questo contribuisce a ottenere estrazioni pi\u00f9 regolari. <\/p>\n<ol start=\"4\">\n<li><strong>Caldaie in rame di buona capacit\u00e0 e circuito termosifonico<\/strong><\/li>\n<\/ol>\n<p>A seconda del modello, le caldaie vanno da 14 a 21 litri (in base al numero di gruppi) con circuito termosifonico, il che permette di mantenere calore e vapore in modo stabile anche durante i picchi di utilizzo.<\/p>\n<ol start=\"5\">\n<li><strong>Opzione elettronica \/ interfaccia moderna<\/strong><\/li>\n<\/ol>\n<p>Touchscreen, tastiere programmabili, display a colori, che rendono l\u2019utilizzo pi\u00f9 intuitivo per il barista e permettono anche di monitorare in tempo reale ci\u00f2 che accade \u2014 temperatura, pressione, ecc.<\/p>\n<ol start=\"6\">\n<li><strong>Flessibilit\u00e0 in base al numero di gruppi<\/strong><\/li>\n<\/ol>\n<p>\u00c8 disponibile in versioni a 2 o 3 gruppi (e talvolta a 1 gruppo), il che permette di scegliere in base al volume di produzione. Se lavori in un locale con molte comande, una versione a 3 gruppi aiuta a mantenere il ritmo. <\/p>\n<ol start=\"7\">\n<li><strong>Efficienza energetica in modalit\u00e0 \u201cECO\u201d<\/strong><\/li>\n<\/ol>\n<p>I modelli elettronici offrono modalit\u00e0 di risparmio energetico. Questo pu\u00f2 ridurre i consumi (utile nelle ore pi\u00f9 tranquille o nei periodi in cui la macchina funziona meno intensamente). <\/p>\n<ol start=\"8\">\n<li><strong>Stabilit\u00e0 termica \/ preriscaldamento dell\u2019acqua<\/strong><\/li>\n<\/ol>\n<p>\u00c8 stato introdotto un circuito di preriscaldamento dell\u2019acqua per migliorare la stabilit\u00e0 anche in situazioni estreme, aiutando a evitare cali di temperatura tra uno shot e l\u2019altro.<\/p>\n<ol start=\"9\">\n<li><strong>Design ed estetica<\/strong><\/li>\n<\/ol>\n<p>Macchina curata, disponibile in diverse finiture di colore (inox, nero, bianco), con interfaccia moderna. Questo pu\u00f2 influire sull\u2019accoglienza dei clienti o sull\u2019immagine del locale. <\/p>\n","protected":false},"featured_media":5549,"template":"","meta":{"_monsterinsights_skip_tracking":false,"_monsterinsights_sitenote_active":false,"_monsterinsights_sitenote_note":"","_monsterinsights_sitenote_category":0},"product_brand":[],"product_cat":[542,543],"product_tag":[],"class_list":{"0":"post-8374","1":"product","2":"type-product","3":"status-publish","4":"has-post-thumbnail","6":"product_cat-leasing-di-macchina-da-caffe","7":"product_cat-macchine-da-caffe-cbc-royal-first","9":"first","10":"instock","11":"taxable","12":"shipping-taxable","13":"product-type-simple"},"aioseo_notices":[],"_links":{"self":[{"href":"https:\/\/espresso-mania.be\/it\/wp-json\/wp\/v2\/product\/8374","targetHints":{"allow":["GET"]}}],"collection":[{"href":"https:\/\/espresso-mania.be\/it\/wp-json\/wp\/v2\/product"}],"about":[{"href":"https:\/\/espresso-mania.be\/it\/wp-json\/wp\/v2\/types\/product"}],"wp:featuredmedia":[{"embeddable":true,"href":"https:\/\/espresso-mania.be\/it\/wp-json\/wp\/v2\/media\/5549"}],"wp:attachment":[{"href":"https:\/\/espresso-mania.be\/it\/wp-json\/wp\/v2\/media?parent=8374"}],"wp:term":[{"taxonomy":"product_brand","embeddable":true,"href":"https:\/\/espresso-mania.be\/it\/wp-json\/wp\/v2\/product_brand?post=8374"},{"taxonomy":"product_cat","embeddable":true,"href":"https:\/\/espresso-mania.be\/it\/wp-json\/wp\/v2\/product_cat?post=8374"},{"taxonomy":"product_tag","embeddable":true,"href":"https:\/\/espresso-mania.be\/it\/wp-json\/wp\/v2\/product_tag?post=8374"}],"curies":[{"name":"wp","href":"https:\/\/api.w.org\/{rel}","templated":true}]}}