{"id":8398,"date":"2024-07-11T14:26:23","date_gmt":"2024-07-11T14:26:23","guid":{"rendered":"https:\/\/espresso-mania.be\/product\/m26\/"},"modified":"2024-07-11T14:26:23","modified_gmt":"2024-07-11T14:26:23","slug":"m26","status":"publish","type":"product","link":"https:\/\/espresso-mania.be\/it\/prodotto\/m26\/","title":{"rendered":"M26"},"content":{"rendered":"<p>La M26 \u00e8 una macchina polivalente, realizzata in acciaio e ABS. \u00c8 dotata di un sistema termico firmato LaCimbali che garantisce un eccellente risultato in tazza. Un design curato ed ergonomico al servizio del barista.  <\/p>\n<p>La M26 \u00e8 dotata di una tastiera elettromeccanica, di lances ergonomiche pi\u00f9 lunghe, di un display dei servizi e di luci sul piano di lavoro nella versione pi\u00f9 completa SE.<\/p>\n<p>&nbsp;<\/p>\n<p>Le macchine da caff\u00e8 multiboiler offrono numerosi vantaggi, soprattutto per gli appassionati pi\u00f9 esigenti e per i professionisti:<\/p>\n<p><strong>Temperatura stabile<\/strong>: Le macchine multiboiler dispongono di pi\u00f9 caldaie, il che permette di mantenere una temperatura costante per l\u2019estrazione del caff\u00e8 e la produzione di vapore. Questo garantisce una qualit\u00e0 ottimale del caff\u00e8 in ogni tazza. <\/p>\n<p><strong>Efficienza e rapidit\u00e0<\/strong>: Con caldaie separate per l\u2019acqua calda e il vapore, queste macchine possono preparare simultaneamente bevande a base di caff\u00e8 e latte, riducendo cos\u00ec i tempi di attesa.<\/p>\n<p><strong>Precisione<\/strong>: La possibilit\u00e0 di controllare indipendentemente la temperatura di ogni caldaia permette di regolare con precisione i parametri di estrazione per diversi tipi di caff\u00e8. Questo \u00e8 essenziale per ottenere un Espresso con una temperatura di estrazione compresa tra 88 e 93 gradi e un caff\u00e8 lungo che non risulti bruciato (con una temperatura di estrazione ideale tra 70 e 75 gradi massimo).<\/p>\n<p><strong>Durabilit\u00e0<\/strong>: Le macchine multiboiler sono spesso progettate per un uso intensivo, il che le rende pi\u00f9 durevoli e affidabili, soprattutto in un ambiente commerciale.<\/p>\n<p><strong>Flessibilit\u00e0<\/strong>: Offrono una grande flessibilit\u00e0 nella preparazione di una variet\u00e0 di bevande, dagli espressi ai cappuccini, con una qualit\u00e0 costante.<\/p>\n<p>Questi vantaggi rendono le macchine da caff\u00e8 multiboiler una scelta eccellente per chi cerca una qualit\u00e0 del caff\u00e8 superiore e un\u2019elevata efficienza.<\/p>\n","protected":false},"excerpt":{"rendered":"<p style=\"color: #00a300;\"><strong>Leasing e\/o renting disponibile a partire da 97,10\u20ac\/mese con installazione e possibilit\u00e0 di manutenzione. Il renting non compare nel vostro bilancio e non sar\u00e0 quindi considerato come un credito.  <a href=\"https:\/\/espresso-mania.be\/it\/contatto\/\">Contattateci per maggiori informazioni.<\/a><\/strong><\/p>\n<p>&nbsp;<\/p>\n<p><strong>Punti di forza della Cimbali M26<\/strong><\/p>\n<ol>\n<li><strong>Polivalenza e affidabilit\u00e0<\/strong><\/li>\n<\/ol>\n<p>La M26 \u00e8 progettata come una macchina \u201cpolivalente\u201d, facile da usare, regolare e mantenere. Offre ottime prestazioni in tazza mantenendo sotto controllo i consumi. <\/p>\n<ol start=\"2\">\n<li><strong>Design ergonomico<\/strong><\/li>\n<\/ol>\n<p>Dispone di un pannello di comandi elettromeccanico, di lances vapore ergonomiche pi\u00f9 lunghe, di un display dei servizi e di luci sul piano di lavoro (a seconda della versione). Tutte queste caratteristiche sono pensate per facilitare il lavoro del barista. <\/p>\n<ol start=\"3\">\n<li><strong>Versioni compatte<\/strong><\/li>\n<\/ol>\n<p>La M26 \u00e8 disponibile anche in versione \u201ccompatta\u201d (1 o 2 gruppi) per gli spazi ridotti, il che permette di beneficiare della qualit\u00e0 La Cimbali anche in locali dove lo spazio \u00e8 limitato.<\/p>\n<ol start=\"4\">\n<li><strong>Tecnologia \u201cSmart Boiler\u201d<\/strong><\/li>\n<\/ol>\n<p>\u00c8 dotata del sistema \u201cSmart Boiler\u201d di La Cimbali, che permette un\u2019ottimizzazione delle prestazioni della caldaia \u2014 migliore efficienza termica, regolazione, ecc. Questo aiuta a mantenere una temperatura stabile e quindi a ottenere un espresso pi\u00f9 regolare. <\/p>\n<ol start=\"5\">\n<li><strong>Opzioni moderne \/ comfort di servizio<\/strong><\/li>\n<\/ol>\n<p>A seconda della versione, la macchina offre funzioni come il \u201cTurboSteam Milk4\u201d (vapore automatico ottimizzato in base ai diversi tipi di latte utilizzati), schermi LED, connettivit\u00e0 (USB, Bluetooth in alcune versioni), tasti retroilluminati, ecc. Questi elementi migliorano l\u2019esperienza d\u2019uso, la rapidit\u00e0 del servizio e la costanza del prodotto. <\/p>\n<ol start=\"6\">\n<li><strong>Eccellente qualit\u00e0 in tazza<\/strong><\/li>\n<\/ol>\n<p>Grazie al sistema termico di Cimbali, all\u2019affidabilit\u00e0 del marchio e a componenti solidi, la M26 offre ottimi risultati in tazza, a condizione di essere ben regolata e mantenuta.<\/p>\n<ol start=\"7\">\n<li><strong>Adatta a esigenze diversificate<\/strong><\/li>\n<\/ol>\n<p>Disponibile in versione SE (Standard \/ Economica) o BE (versione pi\u00f9 accessoriata), oltre ai modelli compatti o full size. Questo permette di scegliere in base al volume di caff\u00e8 giornaliero, al budget e ai vincoli di spazio. <\/p>\n","protected":false},"featured_media":5571,"template":"","meta":{"_monsterinsights_skip_tracking":false,"_monsterinsights_sitenote_active":false,"_monsterinsights_sitenote_note":"","_monsterinsights_sitenote_category":0},"product_brand":[],"product_cat":[544],"product_tag":[],"class_list":{"0":"post-8398","1":"product","2":"type-product","3":"status-publish","4":"has-post-thumbnail","6":"product_cat-macchine-da-caffe-cimbali","8":"first","9":"instock","10":"taxable","11":"shipping-taxable","12":"product-type-simple"},"aioseo_notices":[],"_links":{"self":[{"href":"https:\/\/espresso-mania.be\/it\/wp-json\/wp\/v2\/product\/8398","targetHints":{"allow":["GET"]}}],"collection":[{"href":"https:\/\/espresso-mania.be\/it\/wp-json\/wp\/v2\/product"}],"about":[{"href":"https:\/\/espresso-mania.be\/it\/wp-json\/wp\/v2\/types\/product"}],"wp:featuredmedia":[{"embeddable":true,"href":"https:\/\/espresso-mania.be\/it\/wp-json\/wp\/v2\/media\/5571"}],"wp:attachment":[{"href":"https:\/\/espresso-mania.be\/it\/wp-json\/wp\/v2\/media?parent=8398"}],"wp:term":[{"taxonomy":"product_brand","embeddable":true,"href":"https:\/\/espresso-mania.be\/it\/wp-json\/wp\/v2\/product_brand?post=8398"},{"taxonomy":"product_cat","embeddable":true,"href":"https:\/\/espresso-mania.be\/it\/wp-json\/wp\/v2\/product_cat?post=8398"},{"taxonomy":"product_tag","embeddable":true,"href":"https:\/\/espresso-mania.be\/it\/wp-json\/wp\/v2\/product_tag?post=8398"}],"curies":[{"name":"wp","href":"https:\/\/api.w.org\/{rel}","templated":true}]}}