{"id":8411,"date":"2024-08-07T10:28:18","date_gmt":"2024-08-07T10:28:18","guid":{"rendered":"https:\/\/espresso-mania.be\/product\/cup-office-mc\/"},"modified":"2024-08-07T10:28:18","modified_gmt":"2024-08-07T10:28:18","slug":"cup-office-mc","status":"publish","type":"product","link":"https:\/\/espresso-mania.be\/it\/prodotto\/cup-office-mc\/","title":{"rendered":"Cup Office MC"},"content":{"rendered":"<p>Il Cup Office \u00e8 la soluzione caff\u00e8 ideale per uffici di piccole e medie dimensioni. Compatto, performante e facile da utilizzare, si distingue per il macinacaff\u00e8 extra\u2011ammortizzato e il design elegante. Il serbatoio dell\u2019acqua da 4 litri, amovibile e dotato di filtro integrato, insieme al contenitore grani da 500 grammi, garantiscono un utilizzo prolungato. L\u2019altezza di 43 cm consente un\u2019integrazione perfetta in qualsiasi ambiente. Ogni selezione di caff\u00e8 \u00e8 regolabile con precisione, offrendo un\u2019esperienza degna di un barista. Inoltre, il modello MC \u00e8 dotato di un sistema cappuccino professionale, che permette di preparare tutte le specialit\u00e0 a base di latte con una qualit\u00e0 eccezionale.    <\/p>\n","protected":false},"excerpt":{"rendered":"<p style=\"color: #00a300;\"><strong>Leasing e\/o renting disponibile a partire da 137,28 \u20ac\/mese con installazione e possibilit\u00e0 di manutenzione. Il renting non \u00e8 considerato un credito e non comparir\u00e0 nel vostro bilancio come tale. <a href=\"https:\/\/espresso-mania.be\/it\/contatto\/\">Contattateci per maggiori informazioni.<\/a><\/strong><\/p>\n<p>&nbsp;<\/p>\n<ul>\n<li>Dispositivo compatto<\/li>\n<li>1 macinacaff\u00e8<\/li>\n<li>Serbatoio dell\u2019acqua amovibile da 4 litri<\/li>\n<li>Filtro dell\u2019acqua nel serbatoio<\/li>\n<li>Ingresso per caff\u00e8 macinato<\/li>\n<li>Schermo touch intuitivo da 7,1\u201d<\/li>\n<li>Doppia uscita caff\u00e8<\/li>\n<li>Caffettiere fino a 1 litro<\/li>\n<li>Acqua calda<\/li>\n<li>Sistema latte fresco<\/li>\n<li>Programma di pulizia automatica<\/li>\n<li>Dischi di macinazione in ceramica<\/li>\n<li>\u2026<\/li>\n<\/ul>\n","protected":false},"featured_media":5923,"template":"","meta":{"_monsterinsights_skip_tracking":false,"_monsterinsights_sitenote_active":false,"_monsterinsights_sitenote_note":"","_monsterinsights_sitenote_category":0},"product_brand":[],"product_cat":[547],"product_tag":[],"class_list":{"0":"post-8411","1":"product","2":"type-product","3":"status-publish","4":"has-post-thumbnail","6":"product_cat-macchine-da-caffe-technicup","8":"first","9":"instock","10":"taxable","11":"shipping-taxable","12":"purchasable","13":"product-type-variable"},"aioseo_notices":[],"_links":{"self":[{"href":"https:\/\/espresso-mania.be\/it\/wp-json\/wp\/v2\/product\/8411","targetHints":{"allow":["GET"]}}],"collection":[{"href":"https:\/\/espresso-mania.be\/it\/wp-json\/wp\/v2\/product"}],"about":[{"href":"https:\/\/espresso-mania.be\/it\/wp-json\/wp\/v2\/types\/product"}],"wp:featuredmedia":[{"embeddable":true,"href":"https:\/\/espresso-mania.be\/it\/wp-json\/wp\/v2\/media\/5923"}],"wp:attachment":[{"href":"https:\/\/espresso-mania.be\/it\/wp-json\/wp\/v2\/media?parent=8411"}],"wp:term":[{"taxonomy":"product_brand","embeddable":true,"href":"https:\/\/espresso-mania.be\/it\/wp-json\/wp\/v2\/product_brand?post=8411"},{"taxonomy":"product_cat","embeddable":true,"href":"https:\/\/espresso-mania.be\/it\/wp-json\/wp\/v2\/product_cat?post=8411"},{"taxonomy":"product_tag","embeddable":true,"href":"https:\/\/espresso-mania.be\/it\/wp-json\/wp\/v2\/product_tag?post=8411"}],"curies":[{"name":"wp","href":"https:\/\/api.w.org\/{rel}","templated":true}]}}