{"id":8415,"date":"2024-08-07T10:47:36","date_gmt":"2024-08-07T10:47:36","guid":{"rendered":"https:\/\/espresso-mania.be\/product\/serie-cup-1\/"},"modified":"2024-08-07T10:47:36","modified_gmt":"2024-08-07T10:47:36","slug":"serie-cup-1","status":"publish","type":"product","link":"https:\/\/espresso-mania.be\/it\/prodotto\/serie-cup-1\/","title":{"rendered":"S\u00e9rie Cup 1"},"content":{"rendered":"<p>La serie Cup 1 di Technicup \u00e8 una macchina da espresso completamente automatica, perfetta per uffici e locali di ristorazione di piccole e medie dimensioni. Grazie al suo design compatto ed elegante, si integra facilmente in diversi ambienti come sale riunioni, showroom, sandwich bar, ristoranti, bar e persino a casa, sul piano di lavoro della cucina. <\/p>\n<p>Integra numerose innovazioni tecniche, tra cui un intuitivo schermo touch da 7,1 pollici, un sistema di infusione brevettato, dischi di macinazione in ceramica e una funzione di autopulizia per le bevande a base di latte. Oltre alla sua grande capacit\u00e0, offre diverse funzionalit\u00e0, comprese le opzioni di acqua calda e caffettiera. La serie Cup 1 \u00e8 estremamente versatile grazie al serbatoio dell\u2019acqua amovibile da 2 o 8 litri e al collegamento standard per l\u2019allacciamento diretto alla rete idrica.  <\/p>\n","protected":false},"excerpt":{"rendered":"<p style=\"color: #00a300;\"><strong>Leasing e\/o renting disponibile a partire da 137,28\u20ac\/mese con installazione e possibilit\u00e0 di manutenzione.<br \/>Il renting non \u00e8 considerato un credito e non comparir\u00e0 nel vostro bilancio come tale. <a href=\"https:\/\/espresso-mania.be\/it\/contatto\/\">Contattateci per maggiori informazioni.<\/a><\/strong><\/p>\n<p>&nbsp;<\/p>\n<ul>\n<li>Dispositivo compatto<\/li>\n<li>Schermo touch intuitivo da 7,1\u201d<\/li>\n<li>Serbatoio dell\u2019acqua amovibile da 2 o 8 litri (Cup 1 PRO XL)<\/li>\n<li>Possibilit\u00e0 di collegamento all\u2019acqua fissa<\/li>\n<li>Grande tramoggia per chicchi<\/li>\n<li>Grande vaschetta di raccolta<\/li>\n<li>Ingresso per caff\u00e8 macinato<\/li>\n<li>Programma di risciacquo automatico<\/li>\n<li>Programma di pulizia automatico<\/li>\n<li>Latte \/ schiuma di latte automatica<\/li>\n<li>Doppia uscita del latte<\/li>\n<li>Doppia uscita del caff\u00e8<\/li>\n<li>Intensit\u00e0 e quantit\u00e0 di caff\u00e8 regolabili<\/li>\n<li>Dischi di macinazione in ceramica<\/li>\n<li>Caffettiere fino a 1 litro<\/li>\n<li>Temperatura stabile<\/li>\n<li>\u2026<\/li>\n<\/ul>\n","protected":false},"featured_media":5934,"template":"","meta":{"_monsterinsights_skip_tracking":false,"_monsterinsights_sitenote_active":false,"_monsterinsights_sitenote_note":"","_monsterinsights_sitenote_category":0},"product_brand":[],"product_cat":[547],"product_tag":[],"class_list":{"0":"post-8415","1":"product","2":"type-product","3":"status-publish","4":"has-post-thumbnail","6":"product_cat-macchine-da-caffe-technicup","8":"first","9":"instock","10":"taxable","11":"shipping-taxable","12":"product-type-simple"},"aioseo_notices":[],"_links":{"self":[{"href":"https:\/\/espresso-mania.be\/it\/wp-json\/wp\/v2\/product\/8415","targetHints":{"allow":["GET"]}}],"collection":[{"href":"https:\/\/espresso-mania.be\/it\/wp-json\/wp\/v2\/product"}],"about":[{"href":"https:\/\/espresso-mania.be\/it\/wp-json\/wp\/v2\/types\/product"}],"wp:featuredmedia":[{"embeddable":true,"href":"https:\/\/espresso-mania.be\/it\/wp-json\/wp\/v2\/media\/5934"}],"wp:attachment":[{"href":"https:\/\/espresso-mania.be\/it\/wp-json\/wp\/v2\/media?parent=8415"}],"wp:term":[{"taxonomy":"product_brand","embeddable":true,"href":"https:\/\/espresso-mania.be\/it\/wp-json\/wp\/v2\/product_brand?post=8415"},{"taxonomy":"product_cat","embeddable":true,"href":"https:\/\/espresso-mania.be\/it\/wp-json\/wp\/v2\/product_cat?post=8415"},{"taxonomy":"product_tag","embeddable":true,"href":"https:\/\/espresso-mania.be\/it\/wp-json\/wp\/v2\/product_tag?post=8415"}],"curies":[{"name":"wp","href":"https:\/\/api.w.org\/{rel}","templated":true}]}}