{"id":8449,"date":"2024-07-11T14:59:13","date_gmt":"2024-07-11T14:59:13","guid":{"rendered":"https:\/\/espresso-mania.be\/product\/gelato-4k-touch-i-green\/"},"modified":"2024-07-11T14:59:13","modified_gmt":"2024-07-11T14:59:13","slug":"gelato-4k-touch-i-green","status":"publish","type":"product","link":"https:\/\/espresso-mania.be\/it\/prodotto\/gelato-4k-touch-i-green\/","title":{"rendered":"Gelato 4K touch i-Green"},"content":{"rendered":"<p><iframe title=\"Profesion\u00e1lny v\u00fdrobn\u00edk zmrzliny Gelato 4K Touch i-Green\" width=\"1300\" height=\"731\" src=\"https:\/\/www.youtube.com\/embed\/q3yVwjEnPfE?feature=oembed\" frameborder=\"0\" allow=\"accelerometer; autoplay; clipboard-write; encrypted-media; gyroscope; picture-in-picture; web-share\" referrerpolicy=\"strict-origin-when-cross-origin\" allowfullscreen><\/iframe><\/p>\n<p>&nbsp;<\/p>\n<p>Produzione per ciclo di 25\u201330 minuti, circa 0,85 kg. <\/p>\n<p>Produzione oraria: 1,7 kg \/ 3,0 l. <\/p>\n<p>La nuova \u201cGelato Chef 3L Automatic\u201d di Nemox \u00e8 il risultato di oltre 30 anni di esperienza nella progettazione e produzione di macchine per gelato destinate sia ai professionisti sia ai privati. Compressore refrigerante efficiente e ad alte prestazioni. Progettata e prodotta in Italia.  <\/p>\n","protected":false},"excerpt":{"rendered":"<p style=\"color: #00a300;\"><strong>Leasing e\/o noleggio possibile a partire da 75,29\u20ac\/mese. <a href=\"https:\/\/espresso-mania.be\/it\/contatto\/\">Contattateci per maggiori informazioni.<\/a><\/strong><\/p>\n<p>La Gelato 4K Touch i-Green di Nemox incarna l\u2019eccellenza con oltre 30 anni di esperienza nella produzione di macchine per gelato. \u00c8 dotata di un compressore refrigerante ad alte prestazioni che garantisce un raffreddamento rapido ed efficiente. <\/p>\n","protected":false},"featured_media":5598,"template":"","meta":{"_monsterinsights_skip_tracking":false,"_monsterinsights_sitenote_active":false,"_monsterinsights_sitenote_note":"","_monsterinsights_sitenote_category":0},"product_brand":[],"product_cat":[550],"product_tag":[],"class_list":{"0":"post-8449","1":"product","2":"type-product","3":"status-publish","4":"has-post-thumbnail","6":"product_cat-turbine-per-gelato-professionali","8":"first","9":"instock","10":"taxable","11":"shipping-taxable","12":"product-type-simple"},"aioseo_notices":[],"_links":{"self":[{"href":"https:\/\/espresso-mania.be\/it\/wp-json\/wp\/v2\/product\/8449","targetHints":{"allow":["GET"]}}],"collection":[{"href":"https:\/\/espresso-mania.be\/it\/wp-json\/wp\/v2\/product"}],"about":[{"href":"https:\/\/espresso-mania.be\/it\/wp-json\/wp\/v2\/types\/product"}],"wp:featuredmedia":[{"embeddable":true,"href":"https:\/\/espresso-mania.be\/it\/wp-json\/wp\/v2\/media\/5598"}],"wp:attachment":[{"href":"https:\/\/espresso-mania.be\/it\/wp-json\/wp\/v2\/media?parent=8449"}],"wp:term":[{"taxonomy":"product_brand","embeddable":true,"href":"https:\/\/espresso-mania.be\/it\/wp-json\/wp\/v2\/product_brand?post=8449"},{"taxonomy":"product_cat","embeddable":true,"href":"https:\/\/espresso-mania.be\/it\/wp-json\/wp\/v2\/product_cat?post=8449"},{"taxonomy":"product_tag","embeddable":true,"href":"https:\/\/espresso-mania.be\/it\/wp-json\/wp\/v2\/product_tag?post=8449"}],"curies":[{"name":"wp","href":"https:\/\/api.w.org\/{rel}","templated":true}]}}