{"id":8471,"date":"2024-07-11T14:54:32","date_gmt":"2024-07-11T14:54:32","guid":{"rendered":"https:\/\/espresso-mania.be\/product\/gelato-chef-5l-automatic-i-green\/"},"modified":"2024-07-11T14:54:32","modified_gmt":"2024-07-11T14:54:32","slug":"gelato-chef-5l-automatic-i-green","status":"publish","type":"product","link":"https:\/\/espresso-mania.be\/it\/prodotto\/gelato-chef-5l-automatic-i-green\/","title":{"rendered":"Gelato Chef 5L Automatic i-Green"},"content":{"rendered":"<p><iframe title=\"NEMOX - Gelato Chef 5L Automatic i-Green\" width=\"1300\" height=\"731\" src=\"https:\/\/www.youtube.com\/embed\/us1gtqd-3js?feature=oembed\" frameborder=\"0\" allow=\"accelerometer; autoplay; clipboard-write; encrypted-media; gyroscope; picture-in-picture; web-share\" referrerpolicy=\"strict-origin-when-cross-origin\" allowfullscreen><\/iframe><\/p>\n<p>&nbsp;<\/p>\n<p>La vostra macchina per gelato automatica da 5 L prepara il gelato e, una volta pronto, lo mantiene alla giusta temperatura e consistenza per tutto il tempo desiderato. Il gruppo frigorifero e il motore delle pale sono progettati per un utilizzo professionale quotidiano. <\/p>\n<p>Produzione per ciclo di 20\u201325 minuti, circa 1 kg. <\/p>\n<p>Produzione oraria: 2,0 kg \/ 3,0 L. <\/p>\n","protected":false},"excerpt":{"rendered":"<p style=\"color: #00a300;\"><strong>Leasing e\/o noleggio possibile a partire da 49,57\u20ac\/mese. <a href=\"https:\/\/espresso-mania.be\/it\/contatto\/\">Contattateci per maggiori informazioni.<\/a><\/strong><\/p>\n<p>La Gelato Chef 5L Automatic i-Green di Nemox \u00e8 una gelatiera all\u2019avanguardia, ideale per professionisti e appassionati esigenti. Con la sua capacit\u00e0 di 5 litri, permette di produrre gelati e sorbetti di alta qualit\u00e0 in quantit\u00e0 adeguata. <\/p>\n","protected":false},"featured_media":5594,"template":"","meta":{"_monsterinsights_skip_tracking":false,"_monsterinsights_sitenote_active":false,"_monsterinsights_sitenote_note":"","_monsterinsights_sitenote_category":0},"product_brand":[],"product_cat":[550],"product_tag":[],"class_list":{"0":"post-8471","1":"product","2":"type-product","3":"status-publish","4":"has-post-thumbnail","6":"product_cat-turbine-per-gelato-professionali","8":"first","9":"instock","10":"taxable","11":"shipping-taxable","12":"product-type-simple"},"aioseo_notices":[],"_links":{"self":[{"href":"https:\/\/espresso-mania.be\/it\/wp-json\/wp\/v2\/product\/8471","targetHints":{"allow":["GET"]}}],"collection":[{"href":"https:\/\/espresso-mania.be\/it\/wp-json\/wp\/v2\/product"}],"about":[{"href":"https:\/\/espresso-mania.be\/it\/wp-json\/wp\/v2\/types\/product"}],"wp:featuredmedia":[{"embeddable":true,"href":"https:\/\/espresso-mania.be\/it\/wp-json\/wp\/v2\/media\/5594"}],"wp:attachment":[{"href":"https:\/\/espresso-mania.be\/it\/wp-json\/wp\/v2\/media?parent=8471"}],"wp:term":[{"taxonomy":"product_brand","embeddable":true,"href":"https:\/\/espresso-mania.be\/it\/wp-json\/wp\/v2\/product_brand?post=8471"},{"taxonomy":"product_cat","embeddable":true,"href":"https:\/\/espresso-mania.be\/it\/wp-json\/wp\/v2\/product_cat?post=8471"},{"taxonomy":"product_tag","embeddable":true,"href":"https:\/\/espresso-mania.be\/it\/wp-json\/wp\/v2\/product_tag?post=8471"}],"curies":[{"name":"wp","href":"https:\/\/api.w.org\/{rel}","templated":true}]}}