{"id":8473,"date":"2024-07-12T10:02:09","date_gmt":"2024-07-12T10:02:09","guid":{"rendered":"https:\/\/espresso-mania.be\/product\/caffe-aromatizzati-20x500-g\/"},"modified":"2024-07-12T10:02:09","modified_gmt":"2024-07-12T10:02:09","slug":"caffe-aromatizzati-20x500-g","status":"publish","type":"product","link":"https:\/\/espresso-mania.be\/it\/prodotto\/caffe-aromatizzati-20x500-g\/","title":{"rendered":"Caff\u00e8 aromatizzati (20\u00d7500 g)"},"content":{"rendered":"<p>Vi proponiamo una ricetta di altissima qualit\u00e0: contiene 2,5 g di radice pura macinata di ginseng per 500 g di prodotto.<\/p>\n<p>&nbsp;<\/p>\n<p>Utilizziamo esclusivamente radice pura di ginseng, per offrire una carica di vitalit\u00e0 ed energia con il caratteristico sapore erbaceo della radice di ginseng.<\/p>\n<p>&nbsp;<\/p>\n<p>Disponibile nella versione platinum da 500 g.<\/p>\n<p>&nbsp;<\/p>\n<p>Dosaggio: 11 g per una tazza da 40 ml oppure 22 g per 80 ml, pari a 46 tazze da 40 ml e 23 tazze da 80 ml.<\/p>\n","protected":false},"excerpt":{"rendered":"<p><strong>1 cartone = 20 sacchetti da 500 g (9,90 \u20ac a sacchetto)<\/strong><\/p>\n<p>I nostri caff\u00e8 aromatizzati offrono sapori unici ed esclusivi, pensati per soddisfare i palati pi\u00f9 esigenti. Ispirati ai pi\u00f9 alti standard di qualit\u00e0, questi caff\u00e8 hanno conquistato l\u2019Italia e arrivano ora sul mercato belga. Un\u2019esperienza caffeinata eccezionale da scoprire e assaporare.  <\/p>\n","protected":false},"featured_media":5705,"template":"","meta":{"_monsterinsights_skip_tracking":false,"_monsterinsights_sitenote_active":false,"_monsterinsights_sitenote_note":"","_monsterinsights_sitenote_category":0},"product_brand":[],"product_cat":[553],"product_tag":[],"class_list":{"0":"post-8473","1":"product","2":"type-product","3":"status-publish","4":"has-post-thumbnail","6":"product_cat-caffe-aromatizzato","8":"first","9":"instock","10":"taxable","11":"shipping-taxable","12":"purchasable","13":"product-type-simple"},"aioseo_notices":[],"_links":{"self":[{"href":"https:\/\/espresso-mania.be\/it\/wp-json\/wp\/v2\/product\/8473","targetHints":{"allow":["GET"]}}],"collection":[{"href":"https:\/\/espresso-mania.be\/it\/wp-json\/wp\/v2\/product"}],"about":[{"href":"https:\/\/espresso-mania.be\/it\/wp-json\/wp\/v2\/types\/product"}],"wp:featuredmedia":[{"embeddable":true,"href":"https:\/\/espresso-mania.be\/it\/wp-json\/wp\/v2\/media\/5705"}],"wp:attachment":[{"href":"https:\/\/espresso-mania.be\/it\/wp-json\/wp\/v2\/media?parent=8473"}],"wp:term":[{"taxonomy":"product_brand","embeddable":true,"href":"https:\/\/espresso-mania.be\/it\/wp-json\/wp\/v2\/product_brand?post=8473"},{"taxonomy":"product_cat","embeddable":true,"href":"https:\/\/espresso-mania.be\/it\/wp-json\/wp\/v2\/product_cat?post=8473"},{"taxonomy":"product_tag","embeddable":true,"href":"https:\/\/espresso-mania.be\/it\/wp-json\/wp\/v2\/product_tag?post=8473"}],"curies":[{"name":"wp","href":"https:\/\/api.w.org\/{rel}","templated":true}]}}