{"id":8540,"date":"2024-07-12T09:37:01","date_gmt":"2024-07-12T09:37:01","guid":{"rendered":"https:\/\/espresso-mania.be\/product\/granite-artigianali\/"},"modified":"2024-07-12T09:37:01","modified_gmt":"2024-07-12T09:37:01","slug":"granite-artigianali","status":"publish","type":"product","link":"https:\/\/espresso-mania.be\/it\/prodotto\/granite-artigianali\/","title":{"rendered":"Granite artigianali"},"content":{"rendered":"<p>Deliziosa granita artigianale ad altissima percentuale di frutta, ideale in ogni momento della giornata.<\/p>\n<p>8 gusti proposti: Menta, Fragola, Limone, Arancia, Melone, Cola, Frutti Rossi e Pesca.<\/p>\n<p>I nostri prodotti sono senza glutine, senza OGM, senza conservanti e Vegan.<\/p>\n<p>Prodotto molto facile da vendere che aumenter\u00e0 sicuramente la redditivit\u00e0 del vostro locale.<\/p>\n<p><strong>La macchina per granita<\/strong><br \/>\nPromo \u201cchiavi in mano\u201d con ordine tipo pronto all\u2019uso, composta dalla macchina per granita, diversi cartoni di prodotti a scelta, i bicchieri, i cucchiai e i nostri immancabili men\u00f9 e totem di comunicazione che stimoleranno la curiosit\u00e0 e il desiderio dei vostri clienti, a partire da 54 \u20ac\/mese IVA esclusa. Contattateci per maggiori informazioni. <\/p>\n","protected":false},"excerpt":{"rendered":"<p>Suavis, la granita artigianale che fa brillare le papille gustative di grandi e piccini! \ud83c\udf89<\/p>\n<p>Ogni granita \u00e8 una promessa di freschezza\u2026 ma anche di qualit\u00e0! Realizzate con cura a partire da coloranti 100% naturali, senza OGM, senza lattosio e senza conservanti chimici, le nostre ricette artigianali sono tanto sane quanto gustose. <\/p>\n<p>Basta con i gelati dagli ingredienti dubbi! Con Suavis offrite ai vostri clienti una golosit\u00e0 colorata, rinfrescante e responsabile. Il gusto \u00e8 intenso, la consistenza \u00e8 morbida e le tonalit\u00e0 vivaci provengono esclusivamente da ingredienti naturali (carota, spirulina, barbabietola, curcuma, ecc.) \u2014 per un piacere senza compromessi.  <\/p>\n<p>E la cosa migliore? I bambini ne vogliono sempre di pi\u00f9! \ud83d\ude0b I nostri gusti fruttati e divertenti fanno furore nelle merende, nei compleanni, negli eventi scolastici o in famiglia.  <\/p>\n<p>\ud83d\udc9a Naturalmente buono. Irresistibilmente fresco. 100% piacere\u2026 0% compromessi.  <\/p>\n<p>Gusti disponibili: limone, melone, mela verde, menta, arancia, anguria, fragola, cola, ecc.<\/p>\n<p>Prezzo per sacchetto da 620 g: 11,90 \u20ac (sono cartoni da 20 pezzi, quindi il cliente deve selezionare multipli di 20).<\/p>\n<p>Modalit\u00e0 di preparazione e costo di produzione per prodotto<\/p>\n<p>&nbsp;<\/p>\n<p>Sacchetto da miscelare con 4 litri d\u2019acqua: svilupper\u00e0 5,5 litri di prodotto nella macchina, pari a 42 porzioni da 130 ml, con un costo di produzione di 0,28 \u20ac!<\/p>\n<p style=\"color: #00a300;\"><strong>Leasing\/renting disponibile a partire da 54 \u20ac\/mese, comprendente il pacchetto di avviamento: macchina + 50 kg di sorbetti a scelta e materiale pubblicitario incluso. L\u2019equivalente di 2200 flute da champagne. Il renting non comparir\u00e0 nel vostro bilancio e quindi non \u00e8 considerato un credito.   <a href=\"https:\/\/espresso-mania.be\/it\/contatto\/\">Contattateci per maggiori informazioni.<\/a><\/strong><\/p>\n","protected":false},"featured_media":5695,"template":"","meta":{"_monsterinsights_skip_tracking":false,"_monsterinsights_sitenote_active":false,"_monsterinsights_sitenote_note":"","_monsterinsights_sitenote_category":0},"product_brand":[],"product_cat":[581],"product_tag":[],"class_list":{"0":"post-8540","1":"product","2":"type-product","3":"status-publish","4":"has-post-thumbnail","6":"product_cat-granita-artigianale","8":"first","9":"instock","10":"taxable","11":"shipping-taxable","12":"purchasable","13":"product-type-variable"},"aioseo_notices":[],"_links":{"self":[{"href":"https:\/\/espresso-mania.be\/it\/wp-json\/wp\/v2\/product\/8540","targetHints":{"allow":["GET"]}}],"collection":[{"href":"https:\/\/espresso-mania.be\/it\/wp-json\/wp\/v2\/product"}],"about":[{"href":"https:\/\/espresso-mania.be\/it\/wp-json\/wp\/v2\/types\/product"}],"wp:featuredmedia":[{"embeddable":true,"href":"https:\/\/espresso-mania.be\/it\/wp-json\/wp\/v2\/media\/5695"}],"wp:attachment":[{"href":"https:\/\/espresso-mania.be\/it\/wp-json\/wp\/v2\/media?parent=8540"}],"wp:term":[{"taxonomy":"product_brand","embeddable":true,"href":"https:\/\/espresso-mania.be\/it\/wp-json\/wp\/v2\/product_brand?post=8540"},{"taxonomy":"product_cat","embeddable":true,"href":"https:\/\/espresso-mania.be\/it\/wp-json\/wp\/v2\/product_cat?post=8540"},{"taxonomy":"product_tag","embeddable":true,"href":"https:\/\/espresso-mania.be\/it\/wp-json\/wp\/v2\/product_tag?post=8540"}],"curies":[{"name":"wp","href":"https:\/\/api.w.org\/{rel}","templated":true}]}}