{"id":8570,"date":"2024-08-28T16:22:44","date_gmt":"2024-08-28T16:22:44","guid":{"rendered":"https:\/\/espresso-mania.be\/product\/te-natural-essence-bio\/"},"modified":"2024-08-28T16:22:44","modified_gmt":"2024-08-28T16:22:44","slug":"te-natural-essence-bio","status":"publish","type":"product","link":"https:\/\/espresso-mania.be\/it\/prodotto\/te-natural-essence-bio\/","title":{"rendered":"T\u00e8 Natural Essence Bio"},"content":{"rendered":"<p>Suavis Natural Essence Bio proviene da una lunga e attenta selezione di materie prime provenienti da agricoltura biologica certificata. Suavis T\u00e8 Natural Essence Bio \u00e8 dedicato a chi desidera prendersi cura di s\u00e9. <\/p>\n<p>I filtri sono confezionati in bustine individuali per mantenere intatto il gusto e la fragranza, garantendo un\u2019igiene perfetta.<\/p>\n<p>La nostra offerta comprende 15 gusti 100% biologici.<br \/>Ogni confezione include 20 filtri, il display espositivo, il set di teiere e\/o le mug di design e, infine, le clessidre per programmare il tempo di infusione in base alla miscela scelta.<br \/>\n<strong>I nostri t\u00e8 neri <\/strong><br \/>\n1T English Breakfast: una miscela classica di t\u00e8 indiani.<br \/>\n2T Earl Grey: una miscela classica di t\u00e8 indiani a foglia lunga arricchita con essenze di bergamotto.<br \/>\n3T Black Tea Orange: una miscela di t\u00e8 di Ceylon con scorze ed essenze d\u2019arancia. Un viaggio nel cuore della Sicilia.<br \/>\n<strong>Le nostre essenze di t\u00e8 verdi bio <\/strong><br \/>\n4T Gunpowder: foglie provenienti dalla Cina ad alta quota.<br \/>\n5T Japan Sencha: t\u00e8 verde di origine giapponese.<br \/>\n6T Mint: t\u00e8 verde di origine cinese arricchito con essenze di menta piperita, particolarmente rinfrescante.<br \/>\n7T T\u00e8 verde allo zenzero: miscela di t\u00e8 verdi provenienti dalla Cina arricchita con zenzero e limone. Particolarmente energizzante e tonica.<br \/>\nLe nostre infusioni e tisane bio<br \/>\n8T Frutti di Bosco: frutti selezionati meticolosamente. Il gusto \u00e8 dolce e molto piacevole.<br \/>\nIngredienti: ibisco, mele, rosa canina, aromi, arancia, anice, foglie di mora, mirtilli e cannella.<br \/>\n9T Frutti Tropicali: frutti selezionati con cura.<br \/>\nIngredienti da agricoltura biologica: mele, ibisco, arancia, mango, ananas, fiori di calendula e olio d\u2019arancia.<br \/>\n10T Camomilla: tisana con fiori interi di camomilla Matricaria. Calmante e rilassante.<br \/>\n11T Tisana delle Alpi: miscela di ingredienti di alta qualit\u00e0 accuratamente selezionati per un\u2019infusione aromatica e intensa. Erbe e fiori di montagna. Particolarmente indicata a fine pasto.<br \/>\nIngredienti: melissa, foglie di verbena, fiori di tiglio, erba citronella, camomilla, menta piperita, foglie di salvia, timo, anice, petali di rosa, fiordaliso e girasole.<br \/>\n12T Rooibos: dal caratteristico colore rosso, questa bevanda proviene dal Sudafrica. La pianta \u00e8 una leguminosa coltivata lungo i pendii delle montagne del Cedar. Ricca di vitamina C, antiossidanti e sali minerali.<br \/>13T Infuso Rilassante: molto piacevole, con ingredienti della medicina popolare. Da consumare preferibilmente prima di andare a dormire o durante una pausa relax.<br \/>Ingredienti: melissa, camomilla, radice di liquirizia, luppolo, petali di rosa e lavanda.<br \/>14T Infuso Digestivo: stimola la digestione.<br \/>Ingredienti: anice, finocchio, camomilla, cumino.<br \/>15T Tisana Ayurveda: gusto raffinato e speziato. Questa tisana nasce da ingredienti della medicina tradizionale indiana.<br \/>Ingredienti: mele, rooibos verde, cannella, arancia, cardamomo, pepe nero, aromi naturali.             <\/p>\n","protected":false},"excerpt":{"rendered":"<p><strong>Il prezzo di ogni variet\u00e0 \u00e8 di 18,20\u202f\u20ac \/ 20 filtri<\/strong><br \/>\n<strong>Promozione permanente: 15+3 gratis, 20+4 gratis e 40+12 gratis<\/strong><\/p>\n<p>I t\u00e8 Suavis Natural Essence Bio provengono da una selezione accurata di materie prime provenienti da agricoltura biologica certificata. Dedicati a chi desidera prendersi cura di s\u00e9, questi t\u00e8 offrono un\u2019esperienza naturale e benefica. <\/p>\n<ul>\n<li>15 scatole di t\u00e8 + 3 in omaggio a scelta = 274,50\u202f\u20ac<\/li>\n<li>20 scatole di t\u00e8 + 4 in omaggio = 366\u202f\u20ac<\/li>\n<li>40 scatole di t\u00e8 + 12 in omaggio + 6 MUG in omaggio + 20 men\u00f9 in omaggio + espositore incluso = 732\u202f\u20ac<\/li>\n<\/ul>\n","protected":false},"featured_media":6640,"template":"","meta":{"_monsterinsights_skip_tracking":false,"_monsterinsights_sitenote_active":false,"_monsterinsights_sitenote_note":"","_monsterinsights_sitenote_category":0},"product_brand":[],"product_cat":[527,611],"product_tag":[],"class_list":{"0":"post-8570","1":"product","2":"type-product","3":"status-publish","4":"has-post-thumbnail","6":"product_cat-novita","7":"product_cat-te-caldi-natural-essence-bio","9":"first","10":"instock","11":"taxable","12":"shipping-taxable","13":"purchasable","14":"product-type-variable"},"aioseo_notices":[],"_links":{"self":[{"href":"https:\/\/espresso-mania.be\/it\/wp-json\/wp\/v2\/product\/8570","targetHints":{"allow":["GET"]}}],"collection":[{"href":"https:\/\/espresso-mania.be\/it\/wp-json\/wp\/v2\/product"}],"about":[{"href":"https:\/\/espresso-mania.be\/it\/wp-json\/wp\/v2\/types\/product"}],"wp:featuredmedia":[{"embeddable":true,"href":"https:\/\/espresso-mania.be\/it\/wp-json\/wp\/v2\/media\/6640"}],"wp:attachment":[{"href":"https:\/\/espresso-mania.be\/it\/wp-json\/wp\/v2\/media?parent=8570"}],"wp:term":[{"taxonomy":"product_brand","embeddable":true,"href":"https:\/\/espresso-mania.be\/it\/wp-json\/wp\/v2\/product_brand?post=8570"},{"taxonomy":"product_cat","embeddable":true,"href":"https:\/\/espresso-mania.be\/it\/wp-json\/wp\/v2\/product_cat?post=8570"},{"taxonomy":"product_tag","embeddable":true,"href":"https:\/\/espresso-mania.be\/it\/wp-json\/wp\/v2\/product_tag?post=8570"}],"curies":[{"name":"wp","href":"https:\/\/api.w.org\/{rel}","templated":true}]}}