{"id":8613,"date":"2024-07-11T15:07:24","date_gmt":"2024-07-11T15:07:24","guid":{"rendered":"https:\/\/espresso-mania.be\/product\/creme-di-caffe-ghiacciate-10x1kg\/"},"modified":"2024-07-11T15:07:24","modified_gmt":"2024-07-11T15:07:24","slug":"creme-di-caffe-ghiacciate-10x1kg","status":"publish","type":"product","link":"https:\/\/espresso-mania.be\/it\/prodotto\/creme-di-caffe-ghiacciate-10x1kg\/","title":{"rendered":"Creme di caff\u00e8 ghiacciate (10\u00d71KG)"},"content":{"rendered":"<p><strong>Offrite ai vostri clienti un\u2019esperienza ghiacciata indimenticabile con le nostre creme gelate Suavis<\/strong>: una crema gelata morbida, generosa e irresistibilmente golosa, pensata appositamente per i professionisti dell\u2019Horeca.<\/p>\n<p>Con la sua <strong>consistenza leggera e fondente<\/strong>, si declina in un\u2019<strong>ampia gamma di gusti<\/strong>: fiordilatte, nocciola, pistacchio di Sicilia, caff\u00e8 raffinato, yogurt e naturalmente la <strong>crema di caff\u00e8 (crema gelata al caff\u00e8)<\/strong>.<\/p>\n<p>Ogni preparazione \u00e8 realizzata con <strong>ingredienti accuratamente selezionati<\/strong>, senza glutine, senza grassi idrogenati e senza OGM, per garantire un gusto autentico e naturale in ogni servizio.<\/p>\n<p>Dal punto di vista pratico, le creme gelate Suavis si adattano a ogni desiderio: in cono, in coppetta, accompagnate da frutta fresca, arricchite da una salsa golosa o impreziosite da topping croccanti. Ideali per conquistare famiglie, giovani professionisti e clienti alla ricerca di una qualit\u00e0 premium. <\/p>\n<p>&nbsp;<\/p>\n<p><strong>\ud83d\udc49 Perch\u00e9 scegliere le nostre creme gelate per il vostro locale<\/strong><\/p>\n<ul>\n<li>Un prodotto di <strong>alta gamma<\/strong> che valorizza la vostra offerta.<\/li>\n<li>Una <strong>redditivit\u00e0 sotto controllo<\/strong> grazie a preparazioni rapide e costanti.<\/li>\n<li>Un\u2019<strong>esperienza cliente diversa<\/strong> che invoglia a tornare.<\/li>\n<li>Un forte supporto marketing: valorizzazione dei sapori italiani autentici.<\/li>\n<\/ul>\n<p>Offrire il Gelato Soft Suavis significa puntare su un prodotto capace di trasformare un semplice dessert in un <strong>vero momento di piacere<\/strong> \u2014 e di rendere il vostro locale un punto di riferimento imprescindibile per gli amanti delle dolci specialit\u00e0 gelate.<\/p>\n<p>&nbsp;<\/p>\n<p>Modalit\u00e0 di preparazione e Prezzo di costo per prodotto :<\/p>\n<p>La crema di caff\u00e8 da 1 kg va miscelata con 1,5 litri d\u2019acqua e sviluppa in totale 4 litri di prodotto, pari a circa 30 consumazioni da 130 ml, per un costo di circa 0,90 \u20ac a coppa martini, con un prezzo di vendita compreso tra 4 e 6 \u20ac.<\/p>\n<p>La crema allo yogurt da 1 kg va miscelata con 3 litri di latte e svilupper\u00e0 circa 5 litri di prodotto nella macchina, pari a circa 38 coppette da 130 ml, con un costo di produzione di 0,71 \u20ac a coppetta.<\/p>\n<p>La crema di caff\u00e8 alla nocciola e\/o al pistacchio da 800 g va miscelata con 2,5 litri di latte e svilupper\u00e0 4,5 litri di prodotto dopo 1 ora nella macchina, pari a circa 34 consumazioni da 130 ml, con un costo di produzione di 0,79 \u20ac a coppetta.<\/p>\n<p>&nbsp;<\/p>\n<p>Leasing\/noleggio disponibile a partire da 54\u20ac\/mese con starter pack comprendente la macchina per gelato soft + 50 bustine di prodotti a scelta + materiale pubblicitario incluso. Il noleggio non comparir\u00e0 nel vostro bilancio e non \u00e8 quindi un credito.  <a href=\"https:\/\/espresso-mania.be\/it\/contatto\/\">Contattateci per maggiori informazioni.<\/a><\/p>\n<p>&nbsp;<\/p>\n<p><strong>Mantenimento del prodotto durante la notte<\/strong> <\/p>\n<p>Se a fine giornata rimane del prodotto nella macchina, \u00e8 sufficiente impostare la macchina in modalit\u00e0 mantenimento per conservare il prodotto al fresco consumando pochissima energia.<br \/>\nLa mattina seguente, basta rimettere la macchina in modalit\u00e0 funzionamento e il prodotto \u00e8 di nuovo pronto per essere servito in soli <strong>15 minuti<\/strong>.<\/p>\n<p><strong>\ud83d\udee0\ufe0f Manutenzione e pulizia della macchina<\/strong><\/p>\n<p>La manutenzione della macchina \u00e8 molto semplice: basta pulire una volta al mese il piccolo radiatore situato sul retro rimuovendo la polvere accumulata.<br \/>\nUna o due volte alla settimana, smontare la vasca trasparente e lavarla nel lavandino insieme alla spirale. Questa operazione non richiede pi\u00f9 di <strong>5\u201310 minuti<\/strong>. <\/p>\n","protected":false},"excerpt":{"rendered":"<p><strong>1 cartone = 10 bustine da 1 kg (26,90\u20ac a bustina)<\/strong><\/p>\n<p>Scoprite la nostra deliziosa crema di caff\u00e8 fredda, perfetta in qualsiasi momento della giornata, offrendo un&#8217;esperienza rinfrescante e ricca di sapore.<\/p>\n<p><strong>Noleggio\/leasing disponibile a partire da 54\u20ac\/mese, prime forniture di prodotti e materiale pubblicitario inclusi. <a href=\"https:\/\/espresso-mania.be\/it\/contatto\/\">Contattateci per maggiori informazioni!<\/a><\/strong><\/p>\n","protected":false},"featured_media":5600,"template":"","meta":{"_monsterinsights_skip_tracking":false,"_monsterinsights_sitenote_active":false,"_monsterinsights_sitenote_note":"","_monsterinsights_sitenote_category":0},"product_brand":[],"product_cat":[612,534],"product_tag":[],"class_list":{"0":"post-8613","1":"product","2":"type-product","3":"status-publish","4":"has-post-thumbnail","6":"product_cat-gelati","7":"product_cat-special","9":"first","10":"instock","11":"taxable","12":"shipping-taxable","13":"purchasable","14":"product-type-simple"},"aioseo_notices":[],"_links":{"self":[{"href":"https:\/\/espresso-mania.be\/it\/wp-json\/wp\/v2\/product\/8613","targetHints":{"allow":["GET"]}}],"collection":[{"href":"https:\/\/espresso-mania.be\/it\/wp-json\/wp\/v2\/product"}],"about":[{"href":"https:\/\/espresso-mania.be\/it\/wp-json\/wp\/v2\/types\/product"}],"wp:featuredmedia":[{"embeddable":true,"href":"https:\/\/espresso-mania.be\/it\/wp-json\/wp\/v2\/media\/5600"}],"wp:attachment":[{"href":"https:\/\/espresso-mania.be\/it\/wp-json\/wp\/v2\/media?parent=8613"}],"wp:term":[{"taxonomy":"product_brand","embeddable":true,"href":"https:\/\/espresso-mania.be\/it\/wp-json\/wp\/v2\/product_brand?post=8613"},{"taxonomy":"product_cat","embeddable":true,"href":"https:\/\/espresso-mania.be\/it\/wp-json\/wp\/v2\/product_cat?post=8613"},{"taxonomy":"product_tag","embeddable":true,"href":"https:\/\/espresso-mania.be\/it\/wp-json\/wp\/v2\/product_tag?post=8613"}],"curies":[{"name":"wp","href":"https:\/\/api.w.org\/{rel}","templated":true}]}}