{"id":8620,"date":"2024-07-12T08:47:23","date_gmt":"2024-07-12T08:47:23","guid":{"rendered":"https:\/\/espresso-mania.be\/product\/cremes-glacees-a-la-fleur-de-lait-20x500gr\/"},"modified":"2024-07-12T08:47:23","modified_gmt":"2024-07-12T08:47:23","slug":"cremes-glacees-a-la-fleur-de-lait-20x500gr","status":"publish","type":"product","link":"https:\/\/espresso-mania.be\/it\/prodotto\/cremes-glacees-a-la-fleur-de-lait-20x500gr\/","title":{"rendered":"Cr\u00e8mes glac\u00e9es \u00e0 la fleur de lait (20x500gr)"},"content":{"rendered":"<div class=\"elementor-element elementor-element-6d00534 elementor-widget elementor-widget-text-editor\" data-id=\"6d00534\" data-element_type=\"widget\" data-widget_type=\"text-editor.default\">\n<div class=\"elementor-widget-container\">\n<div class=\"elementor-text-editor elementor-clearfix\">\n<p><strong>Proposez \u00e0 vos clients une exp\u00e9rience glac\u00e9e inoubliable avec nos cr\u00e8mes glac\u00e9es Suavis<\/strong> : une cr\u00e8me glac\u00e9e onctueuse, g\u00e9n\u00e9reuse et irr\u00e9sistiblement gourmande, con\u00e7ue sp\u00e9cialement pour les professionnels de l\u2019Horeca.<\/p>\n<p>Con la sua <strong>consistenza leggera e fondente<\/strong>, si declina in un\u2019<strong>ampia gamma di gusti<\/strong>: fior di latte, nocciola, pistacchio di Sicilia, caff\u00e8 raffinato, yogurt e naturalmente la <strong>crema di caff\u00e8 (gelato al caff\u00e8)<\/strong>.<\/p>\n<p>Ogni preparazione \u00e8 realizzata con <strong>ingredienti accuratamente selezionati<\/strong>, senza glutine, senza grassi idrogenati e senza OGM, per garantire un gusto autentico e naturale ad ogni servizio.<\/p>\n<p>Dal punto di vista pratico, i gelati Suavis si adattano a ogni desiderio: in cono, in coppetta, accompagnati da frutta fresca, ricoperti da una salsa golosa o impreziositi da croccanti topping. Ideale per conquistare famiglie, giovani attivi e clienti alla ricerca di una qualit\u00e0 premium. <\/p>\n<p>&nbsp;<\/p>\n<p><strong>\ud83d\udc49 Perch\u00e9 scegliere i nostri gelati per il vostro locale?<\/strong><\/p>\n<ul>\n<li>Un prodotto di <strong>alta gamma<\/strong> che valorizza la vostra offerta.<\/li>\n<li>Una <strong>redditivit\u00e0 controllata<\/strong> grazie a preparazioni rapide e regolari.<\/li>\n<li>Un\u2019<strong>esperienza cliente diversa<\/strong> che invoglia a tornare.<\/li>\n<li>Un supporto marketing forte: valorizzazione dei sapori italiani autentici.<\/li>\n<\/ul>\n<p>Offrire il Gelato Soft Suavis significa puntare su un prodotto che trasforma un semplice dessert in un <strong>vero momento di piacere<\/strong> \u2014 e che render\u00e0 il vostro locale un punto di riferimento per gli amanti delle dolci freschezze.<\/p>\n<p>&nbsp;<\/p>\n<p>Modalit\u00e0 di preparazione e costo di produzione per prodotto:<\/p>\n<p>la cr\u00e8me de caf\u00e9 1kg est \u00e0 m\u00e9langer avec 1,5 litres d\u2019eau et d\u00e9veloppe au total 4 litres de produit soit environ 30 consommations de 130 ml soit 0,90\u20ac par coupe martini , pour un prix de vente entre 4 et 6\u20ac<\/p>\n<p>La crema di yogurt da 1 kg va mescolata con 3 litri di latte e svilupper\u00e0 circa 5 litri di prodotto nella macchina, cio\u00e8 circa 38 coppe da 130 ml, per un costo di produzione di 0,71 \u20ac a coppa.<\/p>\n<p>La crema di caff\u00e8 alla nocciola e\/o al pistacchio da 800 g va mescolata con 2,5 litri di latte e svilupper\u00e0 4,5 litri di prodotto dopo 1 ora nella macchina, cio\u00e8 circa 34 porzioni da 130 ml, per un costo di produzione di 0,79 \u20ac a coppa. [modifs site 240925 | Word]<\/p>\n<p>&nbsp;<\/p>\n<p>Leasing\/noleggio disponibile a partire da 54\u20ac\/mese con pacchetto di avviamento comprendente la macchina gelato soft + 50 bustine di prodotti a scelta + materiale pubblicitario incluso. Il renting non apparir\u00e0 nel vostro bilancio e non \u00e8 quindi considerato un credito.  <a href=\"https:\/\/espresso-mania.be\/it\/contatto\/\">Contattateci per maggiori informazioni.<\/a><\/p>\n<p>&nbsp;<\/p>\n<p><strong>Mantenimento del prodotto durante la notte<\/strong> <\/p>\n<p>Se a fine giornata rimane del prodotto nella macchina, basta impostarla in <strong>modalit\u00e0 mantenimento<\/strong> per conservarlo al fresco consumando pochissima energia.<br \/>\nLa mattina seguente, \u00e8 sufficiente rimettere la macchina in <strong>modalit\u00e0 funzionamento<\/strong> e il prodotto sar\u00e0 di nuovo pronto per essere servito in soli <strong>15 minuti<\/strong>.<\/p>\n<p><strong>\ud83d\udee0\ufe0f Manutenzione e pulizia della macchina<\/strong><\/p>\n<p>La manutenzione della macchina \u00e8 molto semplice: basta pulire una volta al mese il piccolo radiatore situato sul retro, rimuovendo la polvere accumulata.<br \/>\nUna o due volte alla settimana, smontare la vasca trasparente e lavarla nel lavandino insieme alla spirale. Questa operazione richiede non pi\u00f9 di <strong>5\u201310 minuti<\/strong>. <\/p>\n<\/div>\n<\/div>\n<\/div>\n","protected":false},"excerpt":{"rendered":"<p><strong>1 cartone = 20 bustine da 500 g (15,90 \u20ac a bustina)<\/strong><\/p>\n<p>Scoprite i nostri gelati alla fior di latte, dal gusto intenso e irresistibile, apprezzati sia dai bambini che dagli adulti. Le nostre ricette, facili da realizzare, sono composte da frutta fresca, confetture biologiche, salse alla nocciola o al cioccolato fondente e si completano con un tocco finale di cacao. <\/p>\n<p><strong>Noleggio\/leasing disponibile a partire da 54 \u20ac\/mese, con prime forniture di prodotti e materiale pubblicitario inclusi. <a href=\"https:\/\/espresso-mania.be\/it\/contatto\/\">Contattateci per maggiori informazioni!<\/a><\/strong><\/p>\n<p>&nbsp;<\/p>\n","protected":false},"featured_media":5667,"template":"","meta":{"_monsterinsights_skip_tracking":false,"_monsterinsights_sitenote_active":false,"_monsterinsights_sitenote_note":"","_monsterinsights_sitenote_category":0},"product_brand":[],"product_cat":[612],"product_tag":[],"class_list":{"0":"post-8620","1":"product","2":"type-product","3":"status-publish","4":"has-post-thumbnail","6":"product_cat-gelati","8":"first","9":"instock","10":"taxable","11":"shipping-taxable","12":"purchasable","13":"product-type-simple"},"aioseo_notices":[],"_links":{"self":[{"href":"https:\/\/espresso-mania.be\/it\/wp-json\/wp\/v2\/product\/8620","targetHints":{"allow":["GET"]}}],"collection":[{"href":"https:\/\/espresso-mania.be\/it\/wp-json\/wp\/v2\/product"}],"about":[{"href":"https:\/\/espresso-mania.be\/it\/wp-json\/wp\/v2\/types\/product"}],"wp:featuredmedia":[{"embeddable":true,"href":"https:\/\/espresso-mania.be\/it\/wp-json\/wp\/v2\/media\/5667"}],"wp:attachment":[{"href":"https:\/\/espresso-mania.be\/it\/wp-json\/wp\/v2\/media?parent=8620"}],"wp:term":[{"taxonomy":"product_brand","embeddable":true,"href":"https:\/\/espresso-mania.be\/it\/wp-json\/wp\/v2\/product_brand?post=8620"},{"taxonomy":"product_cat","embeddable":true,"href":"https:\/\/espresso-mania.be\/it\/wp-json\/wp\/v2\/product_cat?post=8620"},{"taxonomy":"product_tag","embeddable":true,"href":"https:\/\/espresso-mania.be\/it\/wp-json\/wp\/v2\/product_tag?post=8620"}],"curies":[{"name":"wp","href":"https:\/\/api.w.org\/{rel}","templated":true}]}}