{"id":8632,"date":"2024-07-12T09:07:24","date_gmt":"2024-07-12T09:07:24","guid":{"rendered":"https:\/\/espresso-mania.be\/product\/gelati-al-pistacchio-20x800-g\/"},"modified":"2024-07-12T09:07:24","modified_gmt":"2024-07-12T09:07:24","slug":"gelati-al-pistacchio-20x800-g","status":"publish","type":"product","link":"https:\/\/espresso-mania.be\/it\/prodotto\/gelati-al-pistacchio-20x800-g\/","title":{"rendered":"Gelati al pistacchio (20\u00d7800 g)"},"content":{"rendered":"<div class=\"elementor-element elementor-element-a441f4a elementor-widget elementor-widget-text-editor\" data-id=\"a441f4a\" data-element_type=\"widget\" data-widget_type=\"text-editor.default\">\n<div class=\"elementor-widget-container\">\n<div class=\"elementor-text-editor elementor-clearfix\">\n<p><strong>Offrite ai vostri clienti un\u2019esperienza gelata indimenticabile con i nostri gelati Suavis<\/strong>: una crema morbida, generosa e irresistibilmente golosa, pensata appositamente per i professionisti dell\u2019Horeca.<\/p>\n<p>Con la sua <strong>consistenza leggera e fondente<\/strong>, si declina in un\u2019<strong>ampia gamma di gusti<\/strong>: fior di latte, nocciola, pistacchio di Sicilia, caff\u00e8 raffinato, yogurt e naturalmente la <strong>crema di caff\u00e8 (gelato al caff\u00e8)<\/strong>.<\/p>\n<p>Ogni preparazione \u00e8 realizzata con <strong>ingredienti accuratamente selezionati<\/strong>, senza glutine, senza grassi idrogenati e senza OGM, per garantire un gusto autentico e naturale a ogni servizio.<\/p>\n<p>C\u00f4t\u00e9 pratique, les cr\u00e8mes glac\u00e9es Suavis s\u2019adapte \u00e0 toutes les envies : en cornet, en coupe, accompagn\u00e9 de fruits frais, napp\u00e9 d\u2019une sauce gourmande ou encore sublim\u00e9 par des toppings croquants. Id\u00e9al pour s\u00e9duire aussi bien les familles, les jeunes actifs que les clients en qu\u00eate de qualit\u00e9 premium. <\/p>\n<p>&nbsp;<\/p>\n<p><strong>\ud83d\udc49 Perch\u00e9 scegliere i nostri gelati per il vostro locale?<\/strong><\/p>\n<ul>\n<li>Un prodotto di <strong>alta gamma<\/strong> che valorizza la vostra offerta.<\/li>\n<li>Una <strong>redditivit\u00e0 ottimizzata<\/strong> grazie a preparazioni rapide e costanti.<\/li>\n<li>Un\u2019<strong>esperienza cliente diversa<\/strong> che invoglia a tornare.<\/li>\n<li>Un forte supporto marketing: valorizzazione dei sapori italiani autentici.<\/li>\n<\/ul>\n<p>Offrire il Gelato Soft Suavis significa puntare su un prodotto capace di trasformare un semplice dessert in un <strong>vero momento di piacere<\/strong> \u2014 rendendo il vostro locale una tappa imprescindibile per tutti gli amanti delle dolci specialit\u00e0 gelate.<\/p>\n<p>&nbsp;<\/p>\n<p>Modalit\u00e0 di preparazione e costo di produzione per prodotto:<\/p>\n<p>La crema di caff\u00e8 da 1 kg va miscelata con 1,5 litri d\u2019acqua e sviluppa in totale 4 litri di prodotto, pari a circa 30 porzioni da 130 ml.<br \/>Il costo \u00e8 di circa 0,90 \u20ac per coppa martini, per un prezzo di vendita compreso tra 4 e 6 \u20ac.<\/p>\n<p>La crema allo yogurt da 1 kg va miscelata con 3 litri di latte e svilupper\u00e0 circa 5 litri di prodotto nella macchina, equivalenti a circa 38 coppette da 130 ml, per un costo di produzione di 0,71 \u20ac a porzione.<\/p>\n<p>La crema al caff\u00e8 alla nocciola e\/o al pistacchio da 800 g va miscelata con 2,5 litri di latte e svilupper\u00e0 4,5 litri di prodotto dopo 1 ora in macchina, pari a circa 34 porzioni da 130 ml, per un costo di produzione di 0,79 \u20ac a coppetta.<\/p>\n<p>&nbsp;<\/p>\n<p>Leasing\/renting disponibile a partire da 54 \u20ac al mese con pacchetto di avviamento comprendente la macchina gelato soft + 50 bustine di prodotti a scelta + materiale pubblicitario incluso. Il renting non comparir\u00e0 nel vostro bilancio e quindi non \u00e8 un credito.  <a href=\"https:\/\/espresso-mania.be\/it\/contatto\/\">Contattateci per maggiori informazioni.<\/a><\/p>\n<p>&nbsp;<\/p>\n<p><strong>Mantenimento del prodotto durante la notte<\/strong> <\/p>\n<p>Se a fine giornata rimane del prodotto nella macchina, \u00e8 sufficiente impostarla in <strong>modalit\u00e0 mantenimento<\/strong> per conservarlo al fresco consumando pochissima energia.<br \/>\nLa mattina seguente, basta riportare la macchina in <strong>modalit\u00e0 funzionamento<\/strong> e il prodotto sar\u00e0 nuovamente pronto da servire in soli <strong>15 minuti<\/strong>.<\/p>\n<p><strong>\ud83d\udee0\ufe0f Manutenzione e pulizia della macchina<\/strong><\/p>\n<p>La manutenzione della macchina \u00e8 molto semplice: \u00e8 sufficiente pulire una volta al mese il piccolo radiatore situato sul retro, rimuovendo la polvere accumulata.<br \/>\nUna o due volte alla settimana, smontare la vasca trasparente e lavarla nel lavandino insieme alla spirale. Questa operazione richiede non pi\u00f9 di <strong>5\u201310 minuti<\/strong>. <\/p>\n<\/div>\n<\/div>\n<\/div>\n","protected":false},"excerpt":{"rendered":"<p><strong>1 cartone = 20 bustine da 800 g (26,90 \u20ac a bustina)<\/strong><\/p>\n<p>Scoprite il nostro gelato al pistacchio verde di Bronte (Sicilia), proposto in quattro ricette inedite e raffinate. Senza grassi idrogenati, \u00e8 arricchito con proteine del latte e zucchero di canna, offrendo una consistenza cremosa e un gusto autentico. <\/p>\n<p><strong>Location\/leasing disponibile a partire da 54 \u20ac al mese, con prime forniture di prodotti e materiale pubblicitario inclusi. <a href=\"https:\/\/espresso-mania.be\/it\/contatto\/\">Contattateci per maggiori informazioni!<\/a><\/strong><\/p>\n","protected":false},"featured_media":5674,"template":"","meta":{"_monsterinsights_skip_tracking":false,"_monsterinsights_sitenote_active":false,"_monsterinsights_sitenote_note":"","_monsterinsights_sitenote_category":0},"product_brand":[],"product_cat":[612],"product_tag":[],"class_list":{"0":"post-8632","1":"product","2":"type-product","3":"status-publish","4":"has-post-thumbnail","6":"product_cat-gelati","8":"first","9":"instock","10":"taxable","11":"shipping-taxable","12":"purchasable","13":"product-type-simple"},"aioseo_notices":[],"_links":{"self":[{"href":"https:\/\/espresso-mania.be\/it\/wp-json\/wp\/v2\/product\/8632","targetHints":{"allow":["GET"]}}],"collection":[{"href":"https:\/\/espresso-mania.be\/it\/wp-json\/wp\/v2\/product"}],"about":[{"href":"https:\/\/espresso-mania.be\/it\/wp-json\/wp\/v2\/types\/product"}],"wp:featuredmedia":[{"embeddable":true,"href":"https:\/\/espresso-mania.be\/it\/wp-json\/wp\/v2\/media\/5674"}],"wp:attachment":[{"href":"https:\/\/espresso-mania.be\/it\/wp-json\/wp\/v2\/media?parent=8632"}],"wp:term":[{"taxonomy":"product_brand","embeddable":true,"href":"https:\/\/espresso-mania.be\/it\/wp-json\/wp\/v2\/product_brand?post=8632"},{"taxonomy":"product_cat","embeddable":true,"href":"https:\/\/espresso-mania.be\/it\/wp-json\/wp\/v2\/product_cat?post=8632"},{"taxonomy":"product_tag","embeddable":true,"href":"https:\/\/espresso-mania.be\/it\/wp-json\/wp\/v2\/product_tag?post=8632"}],"curies":[{"name":"wp","href":"https:\/\/api.w.org\/{rel}","templated":true}]}}