{"id":8638,"date":"2024-07-12T09:15:02","date_gmt":"2024-07-12T09:15:02","guid":{"rendered":"https:\/\/espresso-mania.be\/product\/gelati-allo-yogurt-10x1-kg\/"},"modified":"2024-07-12T09:15:02","modified_gmt":"2024-07-12T09:15:02","slug":"gelati-allo-yogurt-10x1-kg","status":"publish","type":"product","link":"https:\/\/espresso-mania.be\/it\/prodotto\/gelati-allo-yogurt-10x1-kg\/","title":{"rendered":"Gelati allo yogurt (10\u00d71 kg)"},"content":{"rendered":"<div class=\"elementor-element elementor-element-1bf676c elementor-widget elementor-widget-heading\" data-id=\"1bf676c\" data-element_type=\"widget\" data-widget_type=\"heading.default\">\n<div class=\"elementor-widget-container\">\n<p><strong>Offrite ai vostri clienti un\u2019esperienza gelata indimenticabile con le nostre creme gelato Suavis<\/strong>: un gelato morbido, ricco e irresistibilmente goloso, pensato appositamente per i professionisti dell\u2019Horeca.<\/p>\n<p>Con la sua <strong>consistenza leggera e fondente<\/strong>, si declina in un\u2019<strong>ampia gamma di gusti<\/strong>: fior di latte, nocciola, pistacchio di Sicilia, caff\u00e8 raffinato, yogurt e naturalmente la <strong>crema di caff\u00e8 (gelato al caff\u00e8)<\/strong>.<\/p>\n<p>Ogni preparazione \u00e8 realizzata con <strong>ingredienti accuratamente selezionati<\/strong>, senza glutine, senza grassi idrogenati e senza OGM, per garantire un gusto autentico e naturale in ogni servizio.<\/p>\n<p>Dal punto di vista pratico, i gelati Suavis si adattano a tutti i desideri: in cono, in coppetta, accompagnati da frutta fresca, ricoperti da una salsa golosa o impreziositi da topping croccanti. Ideali per conquistare famiglie, giovani professionisti e clienti alla ricerca di qualit\u00e0 premium. <\/p>\n<p>&nbsp;<\/p>\n<p><strong>\ud83d\udc49 Perch\u00e9 scegliere i nostri gelati per il vostro locale?<\/strong><\/p>\n<ul>\n<li>Un prodotto di <strong>alta gamma<\/strong> che valorizza la vostra offerta.<\/li>\n<li>Una <strong>redditivit\u00e0 sotto controllo<\/strong> grazie a preparazioni rapide e regolari.<\/li>\n<li>Un\u2019<strong>esperienza cliente diversa<\/strong> che invoglia a tornare.<\/li>\n<li>Un forte supporto marketing: valorizzazione dei sapori italiani autentici.<\/li>\n<\/ul>\n<p>Offrire il Gelato Soft Suavis significa puntare su un prodotto che trasforma un semplice dessert in un <strong>vero momento di piacere<\/strong> \u2014 e che render\u00e0 il vostro locale un punto di riferimento imprescindibile per gli amanti delle dolci specialit\u00e0 gelate.<\/p>\n<p>&nbsp;<\/p>\n<p>Modalit\u00e0 di preparazione e costo di produzione per prodotto:<\/p>\n<p>La crema di caff\u00e8 da 1 kg va miscelata con 1,5 litri d\u2019acqua e sviluppa in totale 4 litri di prodotto, pari a circa 30 porzioni da 130 ml. Il costo \u00e8 di circa 0,90 \u20ac per coppa Martini, per un prezzo di vendita compreso tra 4 e 6 \u20ac.<\/p>\n<p>La crema allo yogurt da 1 kg va miscelata con 3 litri di latte e produrr\u00e0 circa 5 litri di prodotto nella macchina, equivalenti a circa 38 coppette da 130 ml, con un costo di produzione di 0,71 \u20ac a porzione.<\/p>\n<p>La crema al caff\u00e8 alla nocciola e\/o al pistacchio da 800 g va miscelata con 2,5 litri di latte e svilupper\u00e0 4,5 litri di prodotto dopo 1 ora nella macchina, pari a circa 34 porzioni da 130 ml, con un costo di produzione di 0,79 \u20ac a coppetta.<\/p>\n<p>&nbsp;<\/p>\n<p>Noleggio\/renting disponibile a partire da 54 \u20ac\/mese, con un pacchetto di avviamento che comprende la macchina per gelato soft, 50 buste di prodotti a scelta e materiale pubblicitario incluso.  <a href=\"https:\/\/espresso-mania.be\/it\/contatto\/\">Contattateci per maggiori informazioni.<\/a><\/p>\n<p>&nbsp;<\/p>\n<p><strong>Mantenimento del prodotto durante la notte<\/strong> <\/p>\n<p>Se a fine giornata rimane del prodotto nella macchina, \u00e8 sufficiente impostarla in <strong>modalit\u00e0 mantenimento<\/strong> per conservarlo al fresco consumando pochissima energia.<br \/>\nLa mattina seguente, basta rimettere la macchina in <strong>modalit\u00e0 funzionamento<\/strong> e il prodotto sar\u00e0 nuovamente pronto per essere servito in soli <strong>15 minuti<\/strong>.<\/p>\n<p>\ud83d\udee0\ufe0f<strong> Manutenzione e pulizia della macchina<\/strong><\/p>\n<p>La manutenzione della macchina \u00e8 molto semplice: \u00e8 sufficiente pulire una volta al mese il piccolo radiatore situato sul retro, rimuovendo la polvere accumulata.<br \/>\nUna o due volte alla settimana, smontare la vasca trasparente e lavarla nel lavello insieme alla spirale. Questa operazione richiede non pi\u00f9 di <strong>5\u201310 minuti<\/strong>. <\/p>\n<\/div>\n<\/div>\n","protected":false},"excerpt":{"rendered":"<p><strong>1 cartone = 10 bustine da 1kg (26,90 \u20ac a bustina)<\/strong><\/p>\n<p>Scoprite il nostro nuovo gelato alla Gianduja, un\u2019esplosione di piacere in sei ricette inedite e deliziose, ideale per dare nuova energia al vostro business. I nostri ingredienti sono autentici e di alta qualit\u00e0, senza grassi idrogenati, e utilizziamo esclusivamente nocciole della regione del Piemonte. <\/p>\n<p><strong>Noleggio\/leasing disponibile a partire da 54 \u20ac\/mese, con prime forniture di prodotti e materiale pubblicitario inclusi. Contattateci per maggiori informazioni! <a href=\"https:\/\/espresso-mania.be\/it\/contatto\/\">Contattateci per maggiori informazioni!<\/a><\/strong><\/p>\n","protected":false},"featured_media":5680,"template":"","meta":{"_monsterinsights_skip_tracking":false,"_monsterinsights_sitenote_active":false,"_monsterinsights_sitenote_note":"","_monsterinsights_sitenote_category":0},"product_brand":[],"product_cat":[612],"product_tag":[],"class_list":{"0":"post-8638","1":"product","2":"type-product","3":"status-publish","4":"has-post-thumbnail","6":"product_cat-gelati","8":"first","9":"instock","10":"taxable","11":"shipping-taxable","12":"purchasable","13":"product-type-simple"},"aioseo_notices":[],"_links":{"self":[{"href":"https:\/\/espresso-mania.be\/it\/wp-json\/wp\/v2\/product\/8638","targetHints":{"allow":["GET"]}}],"collection":[{"href":"https:\/\/espresso-mania.be\/it\/wp-json\/wp\/v2\/product"}],"about":[{"href":"https:\/\/espresso-mania.be\/it\/wp-json\/wp\/v2\/types\/product"}],"wp:featuredmedia":[{"embeddable":true,"href":"https:\/\/espresso-mania.be\/it\/wp-json\/wp\/v2\/media\/5680"}],"wp:attachment":[{"href":"https:\/\/espresso-mania.be\/it\/wp-json\/wp\/v2\/media?parent=8638"}],"wp:term":[{"taxonomy":"product_brand","embeddable":true,"href":"https:\/\/espresso-mania.be\/it\/wp-json\/wp\/v2\/product_brand?post=8638"},{"taxonomy":"product_cat","embeddable":true,"href":"https:\/\/espresso-mania.be\/it\/wp-json\/wp\/v2\/product_cat?post=8638"},{"taxonomy":"product_tag","embeddable":true,"href":"https:\/\/espresso-mania.be\/it\/wp-json\/wp\/v2\/product_tag?post=8638"}],"curies":[{"name":"wp","href":"https:\/\/api.w.org\/{rel}","templated":true}]}}