{"id":8644,"date":"2024-08-28T11:58:19","date_gmt":"2024-08-28T11:58:19","guid":{"rendered":"https:\/\/espresso-mania.be\/product\/te-freddo\/"},"modified":"2024-08-28T11:58:19","modified_gmt":"2024-08-28T11:58:19","slug":"te-freddo","status":"publish","type":"product","link":"https:\/\/espresso-mania.be\/it\/prodotto\/te-freddo\/","title":{"rendered":"T\u00e8 freddo"},"content":{"rendered":"<p>Prodotto di alta qualit\u00e0 con estratti di t\u00e8 nero e t\u00e8 verde matcha, miscelato con zucchero di canna e senza coloranti aggiunti.<\/p>\n<p>Pratico, bustina monodose proposta in 6 gusti solubili e inediti; offrite i t\u00e8 freddi anche in versioni alcoliche per cocktail.<\/p>\n<p>&nbsp;<\/p>\n<p><strong>Limone<\/strong>: classico, molto dissetante, con un profumo agrumato dai giardini di Sicilia. Versione alcolica servita con Tequila. <\/p>\n<p>Pesca: classico, dal profumo avvolgente della pesca matura. Versione alcolica servita con Amaretto di Saronno. <\/p>\n<p><strong>Menta<\/strong>: gustata fredda, \u00e8 molto dissetante e rinfrescante. Versione alcolica servita con Rum bianco. <\/p>\n<p><strong>Matcha<\/strong>: una variet\u00e0 di t\u00e8 verde originaria del Giappone, lavorata finemente.<\/p>\n<p><strong>Melone<\/strong>: sapore estivo e delicato, una vera festa di sensazioni. Versione alcolica servita con Rum ambrato. <\/p>\n<p><strong>Frutti rossi<\/strong>: profumato, con succo concentrato di lamponi, mirtilli e ribes nero. Versione alcolica servita con Irish Whiskey. <\/p>\n<p>&nbsp;<\/p>\n<p>Vantaggi :<\/p>\n<ul>\n<li>Senza glutine<\/li>\n<li>Senza OGM<\/li>\n<li>Prodotto vegano con zucchero di canna<\/li>\n<li>Senza coloranti aggiunti<\/li>\n<li>Senza conservanti<\/li>\n<li>Con succo di frutta<\/li>\n<\/ul>\n<p>Aumentate il fatturato del vostro locale horeca<\/p>\n","protected":false},"excerpt":{"rendered":"<p>Modalit\u00e0 d\u2019uso: inserire in uno shaker 250 ml d\u2019acqua e 3 cubetti di ghiaccio; versare il contenuto della bustina da 32 g e agitare per 20 secondi. Mettere 3 cubetti di ghiaccio nel bicchiere Shaken Ice Tea Suavis e versare il contenuto dello shaker nel bicchiere. <\/p>\n","protected":false},"featured_media":6100,"template":"","meta":{"_monsterinsights_skip_tracking":false,"_monsterinsights_sitenote_active":false,"_monsterinsights_sitenote_note":"","_monsterinsights_sitenote_category":0},"product_brand":[],"product_cat":[534,619],"product_tag":[],"class_list":{"0":"post-8644","1":"product","2":"type-product","3":"status-publish","4":"has-post-thumbnail","6":"product_cat-special","7":"product_cat-te-freddi","9":"first","10":"instock","11":"taxable","12":"shipping-taxable","13":"purchasable","14":"product-type-variable"},"aioseo_notices":[],"_links":{"self":[{"href":"https:\/\/espresso-mania.be\/it\/wp-json\/wp\/v2\/product\/8644","targetHints":{"allow":["GET"]}}],"collection":[{"href":"https:\/\/espresso-mania.be\/it\/wp-json\/wp\/v2\/product"}],"about":[{"href":"https:\/\/espresso-mania.be\/it\/wp-json\/wp\/v2\/types\/product"}],"wp:featuredmedia":[{"embeddable":true,"href":"https:\/\/espresso-mania.be\/it\/wp-json\/wp\/v2\/media\/6100"}],"wp:attachment":[{"href":"https:\/\/espresso-mania.be\/it\/wp-json\/wp\/v2\/media?parent=8644"}],"wp:term":[{"taxonomy":"product_brand","embeddable":true,"href":"https:\/\/espresso-mania.be\/it\/wp-json\/wp\/v2\/product_brand?post=8644"},{"taxonomy":"product_cat","embeddable":true,"href":"https:\/\/espresso-mania.be\/it\/wp-json\/wp\/v2\/product_cat?post=8644"},{"taxonomy":"product_tag","embeddable":true,"href":"https:\/\/espresso-mania.be\/it\/wp-json\/wp\/v2\/product_tag?post=8644"}],"curies":[{"name":"wp","href":"https:\/\/api.w.org\/{rel}","templated":true}]}}