{"id":8754,"date":"2024-08-20T10:45:39","date_gmt":"2024-08-20T10:45:39","guid":{"rendered":"https:\/\/espresso-mania.be\/product\/garnitura-marmellata-salsa-gusto-frutti-di-bosco-35-squeezita-2-kg-6x2-kg-3885-e-a-vaso\/"},"modified":"2024-08-20T10:45:39","modified_gmt":"2024-08-20T10:45:39","slug":"garnitura-marmellata-salsa-gusto-frutti-di-bosco-35-squeezita-2-kg-6x2-kg-3885-e-a-vaso","status":"publish","type":"product","link":"https:\/\/espresso-mania.be\/it\/prodotto\/garnitura-marmellata-salsa-gusto-frutti-di-bosco-35-squeezita-2-kg-6x2-kg-3885-e-a-vaso\/","title":{"rendered":"Garnitura marmellata salsa gusto frutti di bosco 35% Squeezita 2 kg (6\u00d72 kg) \u2013 38,85 \u20ac a vaso"},"content":{"rendered":"<p>Un\u2019opzione vegana di qualit\u00e0 per i palati pi\u00f9 esigenti. Questa garnitura, composta dal 35% di purea di frutti di bosco, \u00e8 ideale per aggiungere un tocco fruttato e raffinato alle tue creazioni di pasticceria. <strong>Senza OGM, senza glutine<\/strong> e <strong>senza olio di palma<\/strong>, si distingue per la sua qualit\u00e0 e il suo gusto autentico. La miscela di sciroppo di glucosio-fruttosio, zucchero e gelificanti naturali garantisce una texture perfetta per torte, crostate e monoporzioni. Disponibile in vaso da 2 kg, \u00e8 la scelta ideale per dessert golosi ed eleganti.   <\/p>\n<p>-Ingredienti: sciroppo di glucosio-fruttosio, purea di frutti di bosco 35%, zucchero, gelificanti: pectina E440, E401, regolatore di acidit\u00e0 E339ii, succo di limone concentrato, conservante: E220, aromi<br \/>\n-Valori nutrizionali medi (per 100 g di prodotto)<br \/>\n-Valore energetico: 678,10 KJ \u2013 146,75 Kcal<br \/>\n-Proteine: 0,98 g<br \/>\n-Carboidrati: 37,19 g<br \/>\n-di cui zuccheri: 32,68 g<br \/>\n-Grassi: 0,14 g<br \/>\n-di cui saturi: 0,01 g<br \/>\n-Fibre alimentari: 3,01 g<br \/>\n-Sale: 0,02 g<\/p>\n","protected":false},"excerpt":{"rendered":"<p><strong>Prodotto su ordinazione \u2013 6 pezzi<\/strong><\/p>\n<p>12+1 gratis<br \/>\n24+3 gratis<br \/>\n48+8 gratis<\/p>\n<p>-Condizionamento: vaso da 2 kg<\/p>\n<p><strong>Squeezita Frutti di Bosco \u2013 L\u2019intensit\u00e0 fruttata dal gusto autentico<\/strong><\/p>\n<p>Aggiungi un tocco di freschezza e golosit\u00e0 alle tue viennoiseries e ai tuoi dessert con <strong>Squeezita Frutti di Bosco<\/strong>, la crema italiana che unisce la ricchezza aromatica di lamponi, mirtilli e ribes nero. Ideale per brioches, croissant, cr\u00eapes o prodotti di pasticceria, conquista con il suo gusto intensamente fruttato e la sua naturale eleganza. <\/p>\n<p><strong>\u2728 Perch\u00e9 scegliere Squeezita Frutti di Bosco per il tuo locale ?<\/strong><\/p>\n<ul>\n<li><strong>Praticit\u00e0 ottimale<\/strong>: grazie al dosatore, servi la quantit\u00e0 giusta con un solo gesto, senza sprechi.<\/li>\n<li><strong>Food cost sotto controllo<\/strong>: zero spreco di prodotto e redditivit\u00e0 garantita.<\/li>\n<li><strong>Qualit\u00e0 premium<\/strong>: senza OGM, senza glutine, senza olio di palma, prodotto in Italia.<\/li>\n<li><strong>Conservazione a lunga durata<\/strong>: 24 mesi a temperatura ambiente, ingombro minimo.<\/li>\n<li><strong>Polivalenza<\/strong>: perfetta come farcitura per viennoiseries o per arricchire le tue creazioni di pasticceria e le bevande estive.<\/li>\n<\/ul>\n<p>\ud83d\udc49 Con <strong>Squeezita Frutti di Bosco<\/strong>, ogni morso diventa un\u2019esplosione di sapori autentici che conquister\u00e0 i tuoi clienti.<\/p>\n<p>costo di produzione di 0,19 \u20ac per una dose da 10 g<\/p>\n","protected":false},"featured_media":5992,"template":"","meta":{"_monsterinsights_skip_tracking":false,"_monsterinsights_sitenote_active":false,"_monsterinsights_sitenote_note":"","_monsterinsights_sitenote_category":0},"product_brand":[],"product_cat":[622],"product_tag":[],"class_list":{"0":"post-8754","1":"product","2":"type-product","3":"status-publish","4":"has-post-thumbnail","6":"product_cat-le-nostre-salse-squeezita","8":"first","9":"instock","10":"taxable","11":"shipping-taxable","12":"purchasable","13":"product-type-simple"},"aioseo_notices":[],"_links":{"self":[{"href":"https:\/\/espresso-mania.be\/it\/wp-json\/wp\/v2\/product\/8754","targetHints":{"allow":["GET"]}}],"collection":[{"href":"https:\/\/espresso-mania.be\/it\/wp-json\/wp\/v2\/product"}],"about":[{"href":"https:\/\/espresso-mania.be\/it\/wp-json\/wp\/v2\/types\/product"}],"wp:featuredmedia":[{"embeddable":true,"href":"https:\/\/espresso-mania.be\/it\/wp-json\/wp\/v2\/media\/5992"}],"wp:attachment":[{"href":"https:\/\/espresso-mania.be\/it\/wp-json\/wp\/v2\/media?parent=8754"}],"wp:term":[{"taxonomy":"product_brand","embeddable":true,"href":"https:\/\/espresso-mania.be\/it\/wp-json\/wp\/v2\/product_brand?post=8754"},{"taxonomy":"product_cat","embeddable":true,"href":"https:\/\/espresso-mania.be\/it\/wp-json\/wp\/v2\/product_cat?post=8754"},{"taxonomy":"product_tag","embeddable":true,"href":"https:\/\/espresso-mania.be\/it\/wp-json\/wp\/v2\/product_tag?post=8754"}],"curies":[{"name":"wp","href":"https:\/\/api.w.org\/{rel}","templated":true}]}}