{"id":7534,"date":"2024-07-11T15:41:33","date_gmt":"2024-07-11T15:41:33","guid":{"rendered":"https:\/\/espresso-mania.be\/wettelijke-vermeldingen\/"},"modified":"2025-11-21T13:10:26","modified_gmt":"2025-11-21T13:10:26","slug":"wettelijke-vermeldingen","status":"publish","type":"page","link":"https:\/\/espresso-mania.be\/nl\/wettelijke-vermeldingen\/","title":{"rendered":"Wettelijke vermeldingen"},"content":{"rendered":"\n<h2 class=\"wp-block-heading\">GDPR Contact<\/h2>\n\n<p>SRL ESPRESSOMANIA<\/p>\n\n<p>Rue des Ecoles 16<\/p>\n\n<p>1402 Nivelles<\/p>\n\n<p>Belgi\u00eb<\/p>\n\n<p>BE0537380691<\/p>\n\n<h2 class=\"wp-block-heading\">Hosting<\/h2>\n\n<p>Ovh<\/p>\n\n<h2 class=\"wp-block-heading\">Design &amp; d\u00e9veloppement<\/h2>\n\n<p>Devcom-Media<\/p>\n\n<p>Avenue Louise 179<\/p>\n\n<p>1050 Bruxelles<\/p>\n\n<p>Belgi\u00eb<\/p>\n\n<p>BE0738589375<\/p>\n\n<h2 class=\"wp-block-heading\"><\/h2>\n","protected":false},"excerpt":{"rendered":"<p>GDPR Contact SRL ESPRESSOMANIA Rue des Ecoles 16 1402 Nivelles Belgi\u00eb BE0537380691 Hosting Ovh Design &amp; d\u00e9veloppement Devcom-Media Avenue Louise 179 1050 Bruxelles Belgi\u00eb BE0738589375<\/p>\n","protected":false},"author":1,"featured_media":0,"parent":0,"menu_order":0,"comment_status":"closed","ping_status":"closed","template":"","meta":{"_monsterinsights_skip_tracking":false,"_monsterinsights_sitenote_active":false,"_monsterinsights_sitenote_note":"","_monsterinsights_sitenote_category":0,"footnotes":""},"class_list":["post-7534","page","type-page","status-publish","hentry"],"aioseo_notices":[],"_links":{"self":[{"href":"https:\/\/espresso-mania.be\/nl\/wp-json\/wp\/v2\/pages\/7534","targetHints":{"allow":["GET"]}}],"collection":[{"href":"https:\/\/espresso-mania.be\/nl\/wp-json\/wp\/v2\/pages"}],"about":[{"href":"https:\/\/espresso-mania.be\/nl\/wp-json\/wp\/v2\/types\/page"}],"author":[{"embeddable":true,"href":"https:\/\/espresso-mania.be\/nl\/wp-json\/wp\/v2\/users\/1"}],"replies":[{"embeddable":true,"href":"https:\/\/espresso-mania.be\/nl\/wp-json\/wp\/v2\/comments?post=7534"}],"version-history":[{"count":1,"href":"https:\/\/espresso-mania.be\/nl\/wp-json\/wp\/v2\/pages\/7534\/revisions"}],"predecessor-version":[{"id":7535,"href":"https:\/\/espresso-mania.be\/nl\/wp-json\/wp\/v2\/pages\/7534\/revisions\/7535"}],"wp:attachment":[{"href":"https:\/\/espresso-mania.be\/nl\/wp-json\/wp\/v2\/media?parent=7534"}],"curies":[{"name":"wp","href":"https:\/\/api.w.org\/{rel}","templated":true}]}}