{"id":7320,"date":"2024-07-12T10:20:43","date_gmt":"2024-07-12T10:20:43","guid":{"rendered":"https:\/\/espresso-mania.be\/product\/moak-brasilea\/"},"modified":"2024-07-12T10:20:43","modified_gmt":"2024-07-12T10:20:43","slug":"moak-brasilea","status":"publish","type":"product","link":"https:\/\/espresso-mania.be\/nl\/product\/moak-brasilea\/","title":{"rendered":"Moak Brasilea"},"content":{"rendered":"<p>Melange die zijn smaak dankt aan honing, chocolade en zoethout, en de smaak stimuleert met een lichte zuurheid. Uw gehemelte zal zich de aangename nasmaak de hele dag herinneren. Oorsprong: Brazili\u00eb, Honduras, Ethiopi\u00eb (Limu), Peru, Indonesi\u00eb, India, Oeganda, Congo, Kameroen, India, Costa Rica, Rwanda. Extractietemperatuur: 88-93\u00b0C.   <\/p>\n<p>&nbsp;<\/p>\n<p>Kostprijs per kopje tussen \u20ac0,21 en \u20ac0,27 afhankelijk van de aangekochte hoeveelheden<\/p>\n","protected":false},"excerpt":{"rendered":"<p><strong>Degressieve prijs afhankelijk van de gekozen hoeveelheid<\/strong><\/p>\n<p>Moak Brasilea is een koffie met een rijke smaakmelange van honing, chocolade en drop, met een lichte zuurgraad die het gehemelte prikkelt. Geniet de hele dag van het aangename aroma, afkomstig van een zorgvuldige selectie van bonen uit Brazili\u00eb, Honduras, Ethiopi\u00eb (Limu), Peru, Indonesi\u00eb, India, Oeganda, Congo, Kameroen, Costa Rica en Rwanda. <\/p>\n<p>Kostprijs per kopje tussen \u20ac0,21 en \u20ac0,27 afhankelijk van de aangekochte hoeveelheden<\/p>\n<p>Kom <a href=\"https:\/\/espresso-mania.be\/product-category\/machines-a-cafe-professionnelles\/\">onze aanbiedingen voor professionele koffiemachines in leasing\/renting<\/a> ontdekken vanaf \u20ac79,65\/maand<\/p>\n<p><a href=\"https:\/\/espresso-mania.be\/wp-content\/uploads\/2024\/08\/linea-premium-rev1.pdf\">Premium Line<\/a><\/p>\n","protected":false},"featured_media":5711,"template":"","meta":{"_monsterinsights_skip_tracking":false,"_monsterinsights_sitenote_active":false,"_monsterinsights_sitenote_note":"","_monsterinsights_sitenote_category":0},"product_brand":[],"product_cat":[278],"product_tag":[],"class_list":{"0":"post-7320","1":"product","2":"type-product","3":"status-publish","4":"has-post-thumbnail","6":"product_cat-koffiebonen","8":"first","9":"instock","10":"taxable","11":"shipping-taxable","12":"purchasable","13":"product-type-variable","14":"has-default-attributes"},"aioseo_notices":[],"_links":{"self":[{"href":"https:\/\/espresso-mania.be\/nl\/wp-json\/wp\/v2\/product\/7320","targetHints":{"allow":["GET"]}}],"collection":[{"href":"https:\/\/espresso-mania.be\/nl\/wp-json\/wp\/v2\/product"}],"about":[{"href":"https:\/\/espresso-mania.be\/nl\/wp-json\/wp\/v2\/types\/product"}],"wp:featuredmedia":[{"embeddable":true,"href":"https:\/\/espresso-mania.be\/nl\/wp-json\/wp\/v2\/media\/5711"}],"wp:attachment":[{"href":"https:\/\/espresso-mania.be\/nl\/wp-json\/wp\/v2\/media?parent=7320"}],"wp:term":[{"taxonomy":"product_brand","embeddable":true,"href":"https:\/\/espresso-mania.be\/nl\/wp-json\/wp\/v2\/product_brand?post=7320"},{"taxonomy":"product_cat","embeddable":true,"href":"https:\/\/espresso-mania.be\/nl\/wp-json\/wp\/v2\/product_cat?post=7320"},{"taxonomy":"product_tag","embeddable":true,"href":"https:\/\/espresso-mania.be\/nl\/wp-json\/wp\/v2\/product_tag?post=7320"}],"curies":[{"name":"wp","href":"https:\/\/api.w.org\/{rel}","templated":true}]}}