{"id":7328,"date":"2024-07-12T10:16:38","date_gmt":"2024-07-12T10:16:38","guid":{"rendered":"https:\/\/espresso-mania.be\/product\/moak-stella\/"},"modified":"2024-07-12T10:16:38","modified_gmt":"2024-07-12T10:16:38","slug":"moak-stella","status":"publish","type":"product","link":"https:\/\/espresso-mania.be\/nl\/product\/moak-stella\/","title":{"rendered":"Moak Stella"},"content":{"rendered":"<p>Zachte en aromatische melange, die de smaak stimuleert met een lichte zuurheid. Uw gehemelte zal zich de aangename zachtheid van citrusvruchten en hazelnoten herinneren. Oorsprong: Brazili\u00eb (Santos), Honduras (El Paraiso), Ethiopi\u00eb (Limu), Peru (Chan Chamayo), Indonesi\u00eb (Panjang), India (Mangalore), Oeganda (Bugis\u00f9). Intensiteit: 2,5\/5. Extractietemperatuur: 88-93\u00b0C.  <\/p>\n<p>&nbsp;<\/p>\n<p>Kostprijs van uw kop koffie ligt tussen \u20ac 0,22 en \u20ac 0,29, afhankelijk van de aangekochte hoeveelheden.<\/p>\n","protected":false},"excerpt":{"rendered":"<p><strong>Degressieve prijs afhankelijk van de gekozen hoeveelheid<\/strong><\/p>\n<p>Moak Stella is een zachte en aromatische koffie, verrijkt met een lichte zuurgraad die het gehemelte prikkelt. Geniet van de aangename tonen van citrus en hazelnoten, afkomstig van een zorgvuldig geselecteerde melange uit Brazili\u00eb, Honduras, Ethiopi\u00eb, Peru, Indonesi\u00eb, India en Oeganda. <\/p>\n<p>Kostprijs van uw kopje koffie tussen \u20ac0,22 en \u20ac0,29 afhankelijk van de aangekochte hoeveelheden<\/p>\n<p>Kom <a href=\"https:\/\/espresso-mania.be\/product-category\/machines-a-cafe-professionnelles\/\">onze aanbiedingen voor professionele koffiemachines in leasing\/renting<\/a> ontdekken vanaf \u20ac79,65\/maand<\/p>\n<p><a href=\"https:\/\/espresso-mania.be\/wp-content\/uploads\/2024\/08\/linea-premium-rev1.pdf\">Premium Line<\/a><\/p>\n","protected":false},"featured_media":5709,"template":"","meta":{"_monsterinsights_skip_tracking":false,"_monsterinsights_sitenote_active":false,"_monsterinsights_sitenote_note":"","_monsterinsights_sitenote_category":0},"product_brand":[],"product_cat":[278,287],"product_tag":[],"class_list":{"0":"post-7328","1":"product","2":"type-product","3":"status-publish","4":"has-post-thumbnail","6":"product_cat-koffiebonen","7":"product_cat-nieuw","9":"first","10":"instock","11":"taxable","12":"shipping-taxable","13":"purchasable","14":"product-type-variable","15":"has-default-attributes"},"aioseo_notices":[],"_links":{"self":[{"href":"https:\/\/espresso-mania.be\/nl\/wp-json\/wp\/v2\/product\/7328","targetHints":{"allow":["GET"]}}],"collection":[{"href":"https:\/\/espresso-mania.be\/nl\/wp-json\/wp\/v2\/product"}],"about":[{"href":"https:\/\/espresso-mania.be\/nl\/wp-json\/wp\/v2\/types\/product"}],"wp:featuredmedia":[{"embeddable":true,"href":"https:\/\/espresso-mania.be\/nl\/wp-json\/wp\/v2\/media\/5709"}],"wp:attachment":[{"href":"https:\/\/espresso-mania.be\/nl\/wp-json\/wp\/v2\/media?parent=7328"}],"wp:term":[{"taxonomy":"product_brand","embeddable":true,"href":"https:\/\/espresso-mania.be\/nl\/wp-json\/wp\/v2\/product_brand?post=7328"},{"taxonomy":"product_cat","embeddable":true,"href":"https:\/\/espresso-mania.be\/nl\/wp-json\/wp\/v2\/product_cat?post=7328"},{"taxonomy":"product_tag","embeddable":true,"href":"https:\/\/espresso-mania.be\/nl\/wp-json\/wp\/v2\/product_tag?post=7328"}],"curies":[{"name":"wp","href":"https:\/\/api.w.org\/{rel}","templated":true}]}}