{"id":7389,"date":"2024-07-11T14:59:13","date_gmt":"2024-07-11T14:59:13","guid":{"rendered":"https:\/\/espresso-mania.be\/product\/gelato-4k-touch-i-green\/"},"modified":"2024-07-11T14:59:13","modified_gmt":"2024-07-11T14:59:13","slug":"gelato-4k-touch-i-green","status":"publish","type":"product","link":"https:\/\/espresso-mania.be\/nl\/product\/gelato-4k-touch-i-green\/","title":{"rendered":"Gelato 4K touch i-Green"},"content":{"rendered":"<p><iframe title=\"Profesion\u00e1lny v\u00fdrobn\u00edk zmrzliny Gelato 4K Touch i-Green\" width=\"1300\" height=\"731\" src=\"https:\/\/www.youtube.com\/embed\/q3yVwjEnPfE?feature=oembed\" frameborder=\"0\" allow=\"accelerometer; autoplay; clipboard-write; encrypted-media; gyroscope; picture-in-picture; web-share\" referrerpolicy=\"strict-origin-when-cross-origin\" allowfullscreen><\/iframe><\/p>\n<p>&nbsp;<\/p>\n<p>Productie per cyclus van ongeveer 25-30 min.: 0,85 kg <\/p>\n<p>Productie per uur: 1,7 kg \/ 3,0 l. <\/p>\n<p>De nieuwe \u201cGelato Chef 3l automatic\u201d van Nemox is het resultaat van meer dan 30 jaar ervaring in het ontwerp en de fabricage van ijsmachines voor de professional en\/of de particulier. Effici\u00ebnte koelcompressor met hoge prestaties. Ontworpen en geproduceerd in Itali\u00eb.  <\/p>\n","protected":false},"excerpt":{"rendered":"<p style=\"color: #00a300;\"><strong>Leasing en\/of renting mogelijk vanaf \u20ac75,29\/maand. <a href=\"https:\/\/espresso-mania.be\/contact\/\">Neem contact met ons op voor meer informatie.<\/a><\/strong><\/p>\n<p>De Gelato 4K Touch i-Green van Nemox belichaamt excellentie met meer dan 30 jaar ervaring in de fabricage van ijsmachines. Hij is uitgerust met een hoogwaardige koelcompressor, die zorgt voor snelle en effici\u00ebnte koeling. <\/p>\n","protected":false},"featured_media":5598,"template":"","meta":{"_monsterinsights_skip_tracking":false,"_monsterinsights_sitenote_active":false,"_monsterinsights_sitenote_note":"","_monsterinsights_sitenote_category":0},"product_brand":[],"product_cat":[309],"product_tag":[],"class_list":{"0":"post-7389","1":"product","2":"type-product","3":"status-publish","4":"has-post-thumbnail","6":"product_cat-professionele-ijsmachines","8":"first","9":"instock","10":"taxable","11":"shipping-taxable","12":"product-type-simple"},"aioseo_notices":[],"_links":{"self":[{"href":"https:\/\/espresso-mania.be\/nl\/wp-json\/wp\/v2\/product\/7389","targetHints":{"allow":["GET"]}}],"collection":[{"href":"https:\/\/espresso-mania.be\/nl\/wp-json\/wp\/v2\/product"}],"about":[{"href":"https:\/\/espresso-mania.be\/nl\/wp-json\/wp\/v2\/types\/product"}],"wp:featuredmedia":[{"embeddable":true,"href":"https:\/\/espresso-mania.be\/nl\/wp-json\/wp\/v2\/media\/5598"}],"wp:attachment":[{"href":"https:\/\/espresso-mania.be\/nl\/wp-json\/wp\/v2\/media?parent=7389"}],"wp:term":[{"taxonomy":"product_brand","embeddable":true,"href":"https:\/\/espresso-mania.be\/nl\/wp-json\/wp\/v2\/product_brand?post=7389"},{"taxonomy":"product_cat","embeddable":true,"href":"https:\/\/espresso-mania.be\/nl\/wp-json\/wp\/v2\/product_cat?post=7389"},{"taxonomy":"product_tag","embeddable":true,"href":"https:\/\/espresso-mania.be\/nl\/wp-json\/wp\/v2\/product_tag?post=7389"}],"curies":[{"name":"wp","href":"https:\/\/api.w.org\/{rel}","templated":true}]}}